{"id":3863,"date":"2024-11-22T13:52:38","date_gmt":"2024-11-22T13:52:38","guid":{"rendered":"https:\/\/lautenbach-landmaschinen.com\/?page_id=3863"},"modified":"2026-05-12T06:04:35","modified_gmt":"2026-05-12T06:04:35","slug":"impressum","status":"publish","type":"page","link":"https:\/\/lautenbach-landmaschinen.com\/de\/impressum\/","title":{"rendered":"Impressum"},"content":{"rendered":"<div class=\"wpb-content-wrapper\"><div class=\"vc_row wpb_row vc_row-fluid\"><div class=\"wpb_column vc_column_container vc_col-sm-12\"><div class=\"vc_column-inner\"><div class=\"wpb_wrapper\">\n\t<div class=\"wpb_text_column wpb_content_element\" >\n\t\t<div class=\"wpb_wrapper\">\n\t\t\t<p class=\"font-claude-response-body break-words whitespace-normal leading-&#091;1.7&#093;\"><strong>Impressum<\/strong> <strong>lautenbach-landmaschinen.com<\/strong><\/p>\n<hr class=\"border-border-200 border-t-0.5 my-3 mx-1.5\" \/>\n<p class=\"font-claude-response-body break-words whitespace-normal leading-&#091;1.7&#093;\"><strong>1. Angaben gem\u00e4\u00df \u00a7 5 DDG (Digitale-Dienste-Gesetz)<\/strong><\/p>\n<p class=\"font-claude-response-body break-words whitespace-pre-wrap leading-&#091;1.7&#093;\">Lautenbach Landtechnik GmbH &amp; Co. KG Germersh\u00e4user Stra\u00dfe 1 37434 Rollshausen Deutschland<\/p>\n<p class=\"font-claude-response-body break-words whitespace-normal leading-&#091;1.7&#093;\">Telefon: +49 3331 45509 E-Mail: <a class=\"underline underline underline-offset-2 decoration-1 decoration-current\/40 hover:decoration-current focus:decoration-current\" href=\"mailto:kontakt@lautenbach-landmaschinen.com\">kontakt@lautenbach-landmaschinen.com<\/a> Erreichbarkeit: Montag \u2013 Freitag, 8:30 \u2013 18:00 Uhr<\/p>\n<hr class=\"border-border-200 border-t-0.5 my-3 mx-1.5\" \/>\n<p class=\"font-claude-response-body break-words whitespace-normal leading-&#091;1.7&#093;\"><strong>2. Vertretungsberechtigte Person<\/strong><\/p>\n<p class=\"font-claude-response-body break-words whitespace-normal leading-&#091;1.7&#093;\">Pers\u00f6nlich haftende Gesellschafterin der Lautenbach Landtechnik GmbH &amp; Co. KG ist die Lautenbach Landmaschinen GmbH.<\/p>\n<p class=\"font-claude-response-body break-words whitespace-pre-wrap leading-&#091;1.7&#093;\">Gesch\u00e4ftsf\u00fchrer der Lautenbach Landmaschinen GmbH: Lukas Lautenbach<\/p>\n<p class=\"font-claude-response-body break-words whitespace-pre-wrap leading-&#091;1.7&#093;\">Einzelprokura: Franz Lautenbach<\/p>\n<hr class=\"border-border-200 border-t-0.5 my-3 mx-1.5\" \/>\n<p class=\"font-claude-response-body break-words whitespace-normal leading-&#091;1.7&#093;\"><strong>3. Handelsregister<\/strong><\/p>\n<p class=\"font-claude-response-body break-words whitespace-pre-wrap leading-&#091;1.7&#093;\">Registergericht: Amtsgericht G\u00f6ttingen Registernummer KG: HRA 200611 Registernummer GmbH (pers\u00f6nlich haftende Gesellschafterin): HRB 201100<\/p>\n<hr class=\"border-border-200 border-t-0.5 my-3 mx-1.5\" \/>\n<p class=\"font-claude-response-body break-words whitespace-normal leading-&#091;1.7&#093;\"><strong>4. Umsatzsteuer<\/strong><\/p>\n<p class=\"font-claude-response-body break-words whitespace-pre-wrap leading-&#091;1.7&#093;\">Umsatzsteuer-Identifikationsnummer gem\u00e4\u00df \u00a7 27a UStG: DE 275 352 679<\/p>\n<p class=\"font-claude-response-body break-words whitespace-pre-wrap leading-&#091;1.7&#093;\">Steuernummer: 35\/201\/05219 Zust\u00e4ndiges Finanzamt: Finanzamt Northeim<\/p>\n<hr class=\"border-border-200 border-t-0.5 my-3 mx-1.5\" \/>\n<p class=\"font-claude-response-body break-words whitespace-normal leading-&#091;1.7&#093;\"><strong>5. Verantwortlich f\u00fcr den Inhalt gem\u00e4\u00df \u00a7 18 Abs. 2 MStV<\/strong><\/p>\n<p class=\"font-claude-response-body break-words whitespace-pre-wrap leading-&#091;1.7&#093;\">Franz Lautenbach Germersh\u00e4user Stra\u00dfe 1 37434 Rollshausen<\/p>\n<hr class=\"border-border-200 border-t-0.5 my-3 mx-1.5\" \/>\n<p class=\"font-claude-response-body break-words whitespace-normal leading-&#091;1.7&#093;\"><strong>6. Hosting<\/strong><\/p>\n<p class=\"font-claude-response-body break-words whitespace-normal leading-&#091;1.7&#093;\">Diese Website wird gehostet bei: OVH GmbH Dudweilerstra\u00dfe 5 66123 Saarbr\u00fccken Deutschland <a class=\"underline underline underline-offset-2 decoration-1 decoration-current\/40 hover:decoration-current focus:decoration-current\" href=\"https:\/\/www.ovhcloud.com\/de\">www.ovhcloud.com\/de<\/a><\/p>\n<p class=\"font-claude-response-body break-words whitespace-normal leading-&#091;1.7&#093;\">Die Server befinden sich innerhalb der Europ\u00e4ischen Union. Die Datenverarbeitung im Rahmen des Hostings erfolgt auf Grundlage von Art. 6 Abs. 1 lit. f DSGVO (berechtigtes Interesse am stabilen Betrieb der Website) sowie eines Auftragsverarbeitungsvertrags gem\u00e4\u00df Art. 28 DSGVO.<\/p>\n<hr class=\"border-border-200 border-t-0.5 my-3 mx-1.5\" \/>\n<p class=\"font-claude-response-body break-words whitespace-normal leading-&#091;1.7&#093;\"><strong>7. Haftung f\u00fcr Inhalte<\/strong><\/p>\n<p class=\"font-claude-response-body break-words whitespace-normal leading-&#091;1.7&#093;\">Als Diensteanbieter sind wir gem\u00e4\u00df \u00a7 7 Abs. 1 DDG f\u00fcr eigene Inhalte auf dieser Website nach den allgemeinen Gesetzen verantwortlich. Nach \u00a7\u00a7 8 bis 10 DDG sind wir als Diensteanbieter jedoch nicht verpflichtet, \u00fcbermittelte oder gespeicherte fremde Informationen zu \u00fcberwachen oder nach Umst\u00e4nden zu forschen, die auf eine rechtswidrige T\u00e4tigkeit hinweisen.<\/p>\n<p class=\"font-claude-response-body break-words whitespace-normal leading-&#091;1.7&#093;\">Verpflichtungen zur Entfernung oder Sperrung der Nutzung von Informationen nach den allgemeinen Gesetzen bleiben hiervon unber\u00fchrt. Eine diesbez\u00fcgliche Haftung ist jedoch erst ab dem Zeitpunkt der Kenntnis einer konkreten Rechtsverletzung m\u00f6glich. Bei Bekanntwerden von entsprechenden Rechtsverletzungen werden wir diese Inhalte umgehend entfernen.<\/p>\n<hr class=\"border-border-200 border-t-0.5 my-3 mx-1.5\" \/>\n<p class=\"font-claude-response-body break-words whitespace-normal leading-&#091;1.7&#093;\"><strong>8. Haftung f\u00fcr externe Links<\/strong><\/p>\n<p class=\"font-claude-response-body break-words whitespace-normal leading-&#091;1.7&#093;\">Unser Angebot enth\u00e4lt Links zu externen Websites Dritter, auf deren Inhalte wir keinen Einfluss haben. Deshalb k\u00f6nnen wir f\u00fcr diese fremden Inhalte auch keine Gew\u00e4hr \u00fcbernehmen. F\u00fcr die Inhalte der verlinkten Seiten ist stets der jeweilige Anbieter oder Betreiber der Seiten verantwortlich.<\/p>\n<p class=\"font-claude-response-body break-words whitespace-normal leading-&#091;1.7&#093;\">Die verlinkten Seiten wurden zum Zeitpunkt der Verlinkung auf m\u00f6gliche Rechtsverst\u00f6\u00dfe \u00fcberpr\u00fcft. Rechtswidrige Inhalte waren zum Zeitpunkt der Verlinkung nicht erkennbar. Eine permanente inhaltliche Kontrolle der verlinkten Seiten ist jedoch ohne konkrete Anhaltspunkte einer Rechtsverletzung nicht zumutbar. Bei Bekanntwerden von Rechtsverletzungen werden wir derartige Links umgehend entfernen.<\/p>\n<p class=\"font-claude-response-body break-words whitespace-normal leading-&#091;1.7&#093;\">Sollten Sie auf einen rechtswidrigen Link hinweisen wollen, schreiben Sie uns bitte an: <a class=\"underline underline underline-offset-2 decoration-1 decoration-current\/40 hover:decoration-current focus:decoration-current\" href=\"mailto:kontakt@lautenbach-landmaschinen.com\">kontakt@lautenbach-landmaschinen.com<\/a><\/p>\n<hr class=\"border-border-200 border-t-0.5 my-3 mx-1.5\" \/>\n<p class=\"font-claude-response-body break-words whitespace-normal leading-&#091;1.7&#093;\"><strong>9. Urheberrecht<\/strong><\/p>\n<p class=\"font-claude-response-body break-words whitespace-normal leading-&#091;1.7&#093;\">Die durch den Seitenbetreiber erstellten Inhalte und Werke auf dieser Website unterliegen dem deutschen Urheberrecht (\u00a7\u00a7 2 ff. UrhG). Die Vervielf\u00e4ltigung, Bearbeitung, Verbreitung und jede Art der Verwertung au\u00dferhalb der Grenzen des Urheberrechts bed\u00fcrfen der schriftlichen Zustimmung des jeweiligen Autors bzw. Erstellers.<\/p>\n<p class=\"font-claude-response-body break-words whitespace-normal leading-&#091;1.7&#093;\">Downloads und Kopien dieser Seite sind nur f\u00fcr den privaten, nicht kommerziellen Gebrauch gestattet (\u00a7 44b UrhG). Soweit die Inhalte auf dieser Seite nicht vom Betreiber erstellt wurden, werden die Urheberrechte Dritter beachtet. Sollten Sie trotzdem auf eine Urheberrechtsverletzung aufmerksam werden, bitten wir um einen entsprechenden Hinweis an: <a class=\"underline underline underline-offset-2 decoration-1 decoration-current\/40 hover:decoration-current focus:decoration-current\" href=\"mailto:kontakt@lautenbach-landmaschinen.com\">kontakt@lautenbach-landmaschinen.com<\/a>. Bei Bekanntwerden von Rechtsverletzungen werden wir derartige Inhalte umgehend entfernen.<\/p>\n<hr class=\"border-border-200 border-t-0.5 my-3 mx-1.5\" \/>\n<p class=\"font-claude-response-body break-words whitespace-normal leading-&#091;1.7&#093;\"><strong>10. Datenschutz und Cookies<\/strong><\/p>\n<p class=\"font-claude-response-body break-words whitespace-normal leading-&#091;1.7&#093;\">Informationen zur Erhebung und Verarbeitung personenbezogener Daten finden Sie in unserer <strong>Datenschutzerkl\u00e4rung<\/strong>. Informationen zum Einsatz von Cookies finden Sie in unserer <strong>Cookie-Richtlinie<\/strong>.<\/p>\n<p class=\"font-claude-response-body break-words whitespace-normal leading-&#091;1.7&#093;\">Beide Dokumente sind im Footer-Men\u00fc dieser Website abrufbar.<\/p>\n<hr class=\"border-border-200 border-t-0.5 my-3 mx-1.5\" \/>\n<p class=\"font-claude-response-body break-words whitespace-normal leading-&#091;1.7&#093;\"><strong>11. Online-Streitbeilegung (ODR) und VSBG<\/strong><\/p>\n<p class=\"font-claude-response-body break-words whitespace-normal leading-&#091;1.7&#093;\">Die Europ\u00e4ische Kommission stellt eine Plattform zur Online-Streitbeilegung (OS) bereit: <a class=\"underline underline underline-offset-2 decoration-1 decoration-current\/40 hover:decoration-current focus:decoration-current\" href=\"https:\/\/ec.europa.eu\/consumers\/odr\">https:\/\/ec.europa.eu\/consumers\/odr<\/a><\/p>\n<p class=\"font-claude-response-body break-words whitespace-normal leading-&#091;1.7&#093;\">Unsere E-Mail-Adresse finden Sie oben im Impressum.<\/p>\n<p class=\"font-claude-response-body break-words whitespace-normal leading-&#091;1.7&#093;\">Wir sind nicht verpflichtet und nicht bereit, an einem Streitbeilegungsverfahren vor einer Verbraucherschlichtungsstelle teilzunehmen (\u00a7 36 VSBG).<\/p>\n<hr class=\"border-border-200 border-t-0.5 my-3 mx-1.5\" \/>\n<p class=\"font-claude-response-body break-words whitespace-normal leading-&#091;1.7&#093;\"><strong>12. Aufsichtsbeh\u00f6rde (Datenschutz)<\/strong><\/p>\n<p class=\"font-claude-response-body break-words whitespace-normal leading-&#091;1.7&#093;\">Zust\u00e4ndige Datenschutzaufsichtsbeh\u00f6rde:<\/p>\n<p class=\"font-claude-response-body break-words whitespace-normal leading-&#091;1.7&#093;\">Landesbeauftragte f\u00fcr den Datenschutz Niedersachsen (LfD) Prinzenstra\u00dfe 5 30159 Hannover Telefon: +49 511 120-4500 <a class=\"underline underline underline-offset-2 decoration-1 decoration-current\/40 hover:decoration-current focus:decoration-current\" href=\"https:\/\/www.lfd.niedersachsen.de\">www.lfd.niedersachsen.de<\/a><\/p>\n\n\t\t<\/div>\n\t<\/div>\n<\/div><\/div><\/div><\/div>\n<\/div>","protected":false},"excerpt":{"rendered":"Impressum lautenbach-landmaschinen.com 1. Angaben gem\u00e4\u00df \u00a7 5 DDG (Digitale-Dienste-Gesetz) Lautenbach Landtechnik GmbH &amp; Co. KG Germersh\u00e4user Stra\u00dfe 1 37434 Rollshausen Deutschland Telefon: +49 3331 45509 E-Mail: kontakt@lautenbach-landmaschinen.com Erreichbarkeit: Montag \u2013 Freitag, 8:30 \u2013 18:00 Uhr 2. Vertretungsberechtigte Person Pers\u00f6nlich haftende Gesellschafterin der Lautenbach Landtechnik GmbH &amp; Co. KG ist die Lautenbach Landmaschinen GmbH. Gesch\u00e4ftsf\u00fchrer der &hellip; <a href=\"https:\/\/lautenbach-landmaschinen.com\/de\/impressum\/\" class=\"more-link\">Read more<\/a>","protected":false},"author":1,"featured_media":0,"parent":0,"menu_order":0,"comment_status":"closed","ping_status":"closed","template":"","meta":{"_acf_changed":false,"footnotes":""},"class_list":["post-3863","page","type-page","status-publish","hentry"],"acf":[],"_links":{"self":[{"href":"https:\/\/lautenbach-landmaschinen.com\/de\/wp-json\/wp\/v2\/pages\/3863","targetHints":{"allow":["GET"]}}],"collection":[{"href":"https:\/\/lautenbach-landmaschinen.com\/de\/wp-json\/wp\/v2\/pages"}],"about":[{"href":"https:\/\/lautenbach-landmaschinen.com\/de\/wp-json\/wp\/v2\/types\/page"}],"author":[{"embeddable":true,"href":"https:\/\/lautenbach-landmaschinen.com\/de\/wp-json\/wp\/v2\/users\/1"}],"replies":[{"embeddable":true,"href":"https:\/\/lautenbach-landmaschinen.com\/de\/wp-json\/wp\/v2\/comments?post=3863"}],"version-history":[{"count":5,"href":"https:\/\/lautenbach-landmaschinen.com\/de\/wp-json\/wp\/v2\/pages\/3863\/revisions"}],"predecessor-version":[{"id":7302,"href":"https:\/\/lautenbach-landmaschinen.com\/de\/wp-json\/wp\/v2\/pages\/3863\/revisions\/7302"}],"wp:attachment":[{"href":"https:\/\/lautenbach-landmaschinen.com\/de\/wp-json\/wp\/v2\/media?parent=3863"}],"curies":[{"name":"wp","href":"https:\/\/api.w.org\/{rel}","templated":true}]}}