{"id":2281,"date":"2024-11-19T03:02:19","date_gmt":"2024-11-19T03:02:19","guid":{"rendered":"https:\/\/lautenbach-landmaschinen.com\/?post_type=product&#038;p=2281"},"modified":"2025-02-20T00:21:53","modified_gmt":"2025-02-20T00:21:53","slug":"tracteur-kubota-ek1-221","status":"publish","type":"product","link":"https:\/\/lautenbach-landmaschinen.com\/de\/produkt\/tracteur-kubota-ek1-221\/","title":{"rendered":"Traktor Kubota EK1-221"},"content":{"rendered":"<div class=\"flex max-w-full flex-col flex-grow\">\n<div class=\"min-h-8 text-message flex w-full flex-col items-end gap-2 whitespace-normal break-words text-start [.text-message+&amp;]:mt-5\" dir=\"auto\" data-message-author-role=\"assistant\" data-message-id=\"858df438-cfbe-4225-8573-ad0394c325f0\" data-message-model-slug=\"gpt-4o-mini\">\n<div class=\"flex w-full flex-col gap-1 empty:hidden first:pt-[3px]\">\n<div class=\"markdown prose w-full break-words dark:prose-invert dark\">\n<p data-start=\"57\" data-end=\"145\"><strong data-start=\"57\" data-end=\"145\">Kubota EK1-221 Traktor &#8211; Leistung und Komfort f\u00fcr Ihre landwirtschaftlichen Arbeiten<\/strong><\/p>\n<p data-start=\"147\" data-end=\"208\"><strong data-start=\"147\" data-end=\"208\">Einf\u00fchrung des Produkts mit den wichtigsten Eigenschaften<\/strong><\/p>\n<p data-start=\"210\" data-end=\"874\">Der Kubota EK1-221 Traktor ist ein kompakter und leistungsstarker Dieseltraktor der Stufe V mit 25 PS, entwickelt, um auch unter den schwierigsten Arbeitsbedingungen eine beeindruckende Leistung zu bieten. Der 3-Zylinder-Motor und das mechanische Einspritzsystem sorgen f\u00fcr hervorragende Leistung und optimale Kraftstoffeffizienz. Der Traktor verf\u00fcgt \u00fcber ein mechanisches Getriebe mit 9 Vorw\u00e4rts- und 3 R\u00fcckw\u00e4rtsg\u00e4ngen, was eine pr\u00e4zise Geschwindigkeitskontrolle und Anpassung an verschiedene landwirtschaftliche Aufgaben erm\u00f6glicht. Der Heckhub 3-Punkte-Anbau mit 750 kg und der doppeltwirkende Hydraulikverteiler erm\u00f6glichen eine effiziente Nutzung von Zubeh\u00f6r.<\/p>\n<p data-start=\"876\" data-end=\"905\"><strong data-start=\"876\" data-end=\"905\">Details der Hauptmerkmale<\/strong><\/p>\n<ul data-start=\"906\" data-end=\"1836\">\n<li data-start=\"906\" data-end=\"1259\"><strong data-start=\"908\" data-end=\"917\">Motor<\/strong>:\n<ul data-start=\"921\" data-end=\"1259\">\n<li data-start=\"921\" data-end=\"956\">Typ: Diesel, 3 Zylinder, 778 cm\u00b3.<\/li>\n<li data-start=\"959\" data-end=\"977\">Leistung: 25 PS.<\/li>\n<li data-start=\"980\" data-end=\"1061\">Einspritzung: Mechanisch f\u00fcr stabile Leistung und geringen Kraftstoffverbrauch.<\/li>\n<li data-start=\"1064\" data-end=\"1086\">Tankkapazit\u00e4t: 24 L.<\/li>\n<li data-start=\"1089\" data-end=\"1163\">Hochwertiger Luftfilter f\u00fcr maximale Leistung und hohe Energieeffizienz.<\/li>\n<li data-start=\"1166\" data-end=\"1256\">Wartungsfreundlich durch einen Monoblock-Deckel f\u00fcr einfachen Zugang zu den Komponenten.<\/li>\n<\/ul>\n<\/li>\n<li data-start=\"1260\" data-end=\"1617\"><strong data-start=\"1262\" data-end=\"1287\">Getriebe und Vortrieb<\/strong>:\n<ul data-start=\"1291\" data-end=\"1617\">\n<li data-start=\"1291\" data-end=\"1391\">Getriebe: Mechanisch mit 9 Vorw\u00e4rts- und 3 R\u00fcckw\u00e4rtsg\u00e4ngen f\u00fcr optimale Geschwindigkeitskontrolle.<\/li>\n<li data-start=\"1394\" data-end=\"1529\">Maximale Geschwindigkeit: 18,2 km\/h, minimale Geschwindigkeit: 1,1 km\/h, je nach den Anforderungen der landwirtschaftlichen Arbeiten.<\/li>\n<li data-start=\"1532\" data-end=\"1614\">PDF-Drehzahlen: 540 und 540 ECO f\u00fcr eine optimale Leistungsregelung bei Zubeh\u00f6r.<\/li>\n<\/ul>\n<\/li>\n<li data-start=\"1618\" data-end=\"1836\"><strong data-start=\"1620\" data-end=\"1633\">Hydraulik<\/strong>:\n<ul data-start=\"1637\" data-end=\"1836\">\n<li data-start=\"1637\" data-end=\"1680\">Heckhub 3-Punkte-Anbau: 750 kg (Kat. 1N).<\/li>\n<li data-start=\"1683\" data-end=\"1759\">Druck- und Positionsregelung f\u00fcr eine pr\u00e4zise Anpassung von Zubeh\u00f6rteilen.<\/li>\n<li data-start=\"1762\" data-end=\"1836\">Doppeltwirkender Hydraulikverteiler hinten f\u00fcr zus\u00e4tzliche Flexibilit\u00e4t.<\/li>\n<\/ul>\n<\/li>\n<\/ul>\n<p data-start=\"1838\" data-end=\"1863\"><strong data-start=\"1838\" data-end=\"1862\">Ausstattungsmerkmale<\/strong>:<\/p>\n<ul data-start=\"1864\" data-end=\"2198\">\n<li data-start=\"1864\" data-end=\"1928\">Ergonomische Steuerhebel mit Farbcode f\u00fcr einfache Handhabung.<\/li>\n<li data-start=\"1929\" data-end=\"2053\">Verstellbarer Sitz mit horizontaler D\u00e4mpfung f\u00fcr erh\u00f6hten Komfort und eine bessere Anpassung an das Gewicht des Bedieners.<\/li>\n<li data-start=\"2054\" data-end=\"2108\">Ladehalterung mit Handyhalter f\u00fcr lange Arbeitstage.<\/li>\n<li data-start=\"2109\" data-end=\"2195\">CE-konformes Stra\u00dfenbeleuchtungssystem f\u00fcr zus\u00e4tzliche Sicherheit im Stra\u00dfenverkehr.<\/li>\n<\/ul>\n<p data-start=\"2199\" data-end=\"2224\"><strong data-start=\"2199\" data-end=\"2223\">Design und Ergonomie<\/strong>:<\/p>\n<ul data-start=\"2225\" data-end=\"2567\">\n<li data-start=\"2225\" data-end=\"2428\"><strong data-start=\"2227\" data-end=\"2257\">Kompaktheit und Wendigkeit<\/strong>: Der Kubota EK1-221 eignet sich besonders gut f\u00fcr kleine landwirtschaftliche Betriebe und enge Arbeitsbereiche, dank seiner kompakten Gr\u00f6\u00dfe und hervorragenden Wendigkeit.<\/li>\n<li data-start=\"2429\" data-end=\"2567\"><strong data-start=\"2431\" data-end=\"2442\">Komfort<\/strong>: Mit seinem verstellbaren Sitz und den intuitiven Bedienelementen bietet dieser Traktor eine angenehme und effiziente Fahrt.<\/li>\n<\/ul>\n<p data-start=\"2569\" data-end=\"2589\"><strong data-start=\"2569\" data-end=\"2588\">Produktvorteile<\/strong>:<\/p>\n<ul data-start=\"2590\" data-end=\"3090\">\n<li data-start=\"2590\" data-end=\"2709\"><strong data-start=\"2592\" data-end=\"2618\">Leistung und Effizienz<\/strong>: Der Diesel-Motor der Stufe V liefert konstante Leistung mit geringem Kraftstoffverbrauch.<\/li>\n<li data-start=\"2710\" data-end=\"2917\"><strong data-start=\"2712\" data-end=\"2754\">Getriebe und Geschwindigkeitskontrolle<\/strong>: Dank des mechanischen Getriebes mit 9 Vorw\u00e4rts- und 3 R\u00fcckw\u00e4rtsg\u00e4ngen bietet der Traktor eine pr\u00e4zise Kontrolle f\u00fcr alle Arten von landwirtschaftlichen Aufgaben.<\/li>\n<li data-start=\"2918\" data-end=\"3090\"><strong data-start=\"2920\" data-end=\"2948\">Komfort f\u00fcr den Bediener<\/strong>: Der verstellbare Sitz, die ergonomischen Bedienelemente und die Federung sorgen f\u00fcr komfortables Arbeiten, selbst bei langen Arbeitsstunden.<\/li>\n<\/ul>\n<p data-start=\"3092\" data-end=\"3113\"><strong data-start=\"3092\" data-end=\"3112\">Hauptanwendungen<\/strong>:<\/p>\n<ul data-start=\"3114\" data-end=\"3575\">\n<li data-start=\"3114\" data-end=\"3266\"><strong data-start=\"3116\" data-end=\"3161\">Verschiedene landwirtschaftliche Arbeiten<\/strong>: Ideal f\u00fcr kleine landwirtschaftliche Betriebe, Gartenbau und Arbeiten auf landwirtschaftlichen Fl\u00e4chen.<\/li>\n<li data-start=\"3267\" data-end=\"3440\"><strong data-start=\"3269\" data-end=\"3316\">Verwendung von landwirtschaftlichem Zubeh\u00f6r<\/strong>: Perfekt f\u00fcr Arbeiten, die eine leistungsstarke Heckhydraulik erfordern, wie z. B. M\u00e4hen, Pfl\u00fcgen und Transport von Lasten.<\/li>\n<li data-start=\"3441\" data-end=\"3575\"><strong data-start=\"3443\" data-end=\"3479\">Materialhandhabung und Anh\u00e4ngung<\/strong>: Kann leichte Anh\u00e4nger ziehen und Materialien mit einer Hubkapazit\u00e4t von 750 kg transportieren.<\/li>\n<\/ul>\n<p data-start=\"3577\" data-end=\"3601\"><strong data-start=\"3577\" data-end=\"3600\">Technische Merkmale<\/strong>:<\/p>\n<ul data-start=\"3602\" data-end=\"3855\">\n<li data-start=\"3602\" data-end=\"3649\"><strong data-start=\"3604\" data-end=\"3613\">Motor<\/strong>: Diesel 3 Zylinder, 778 cm\u00b3, 25 PS.<\/li>\n<li data-start=\"3650\" data-end=\"3711\"><strong data-start=\"3652\" data-end=\"3664\">Getriebe<\/strong>: Mechanisch, 9 Vorw\u00e4rts- und 3 R\u00fcckw\u00e4rtsg\u00e4nge.<\/li>\n<li data-start=\"3712\" data-end=\"3791\"><strong data-start=\"3714\" data-end=\"3727\">Hydraulik<\/strong>: Heckhub 750 kg (Kat. 1N), Doppeltwirkender Hydraulikverteiler.<\/li>\n<li data-start=\"3792\" data-end=\"3830\"><strong data-start=\"3794\" data-end=\"3812\">PDF-Drehzahlen<\/strong>: 540 und 540 ECO.<\/li>\n<li data-start=\"3831\" data-end=\"3855\"><strong data-start=\"3833\" data-end=\"3845\">Garantie<\/strong>: 5 Jahre.<\/li>\n<\/ul>\n<p data-start=\"3857\" data-end=\"4357\" data-is-last-node=\"\"><strong data-start=\"3857\" data-end=\"3866\">Fazit<\/strong>: Der Kubota EK1-221 ist ein kompakter und leistungsstarker Traktor, ideal f\u00fcr leichte bis mittlere landwirtschaftliche Arbeiten. Mit seinem mechanischen Getriebe, dem leistungsstarken Heckhub und dem Diesel-Motor der Stufe V bietet er hervorragende Leistungen und ist gleichzeitig kraftstoffeffizient. Mit einer Garantie von 5 Jahren ist der Kubota EK1-221 eine zuverl\u00e4ssige und langlebige L\u00f6sung f\u00fcr Fachleute, die nach einem leistungsstarken, vielseitigen und komfortablen Traktor suchen.<\/p>\n<\/div>\n<\/div>\n<\/div>\n<\/div>\n","protected":false},"excerpt":{"rendered":"<p>Kubota EK1-221 Traktor &#8211; Leistung und Komfort f\u00fcr Ihre landwirtschaftlichen Arbeiten Einf\u00fchrung des Produkts mit den wichtigsten Eigenschaften Der Kubota EK1-221 Traktor ist ein kompakter und leistungsstarker Dieseltraktor der Stufe V mit 25 PS, entwickelt, um auch unter den schwierigsten Arbeitsbedingungen eine beeindruckende Leistung zu bieten. Der 3-Zylinder-Motor und das mechanische Einspritzsystem sorgen f\u00fcr hervorragende &hellip; <a href=\"https:\/\/lautenbach-landmaschinen.com\/de\/produkt\/tracteur-kubota-ek1-221\/\" class=\"more-link\">Read more<\/a><\/p>","protected":false},"featured_media":2282,"comment_status":"open","ping_status":"closed","template":"","meta":{"_acf_changed":false},"product_cat":[266],"product_tag":[],"class_list":{"0":"post-2281","1":"product","2":"type-product","3":"status-publish","4":"has-post-thumbnail","6":"product_cat-kompakttraktoren","8":"first","9":"instock","10":"shipping-taxable","11":"purchasable","12":"product-type-simple"},"acf":[],"_links":{"self":[{"href":"https:\/\/lautenbach-landmaschinen.com\/de\/wp-json\/wp\/v2\/product\/2281","targetHints":{"allow":["GET"]}}],"collection":[{"href":"https:\/\/lautenbach-landmaschinen.com\/de\/wp-json\/wp\/v2\/product"}],"about":[{"href":"https:\/\/lautenbach-landmaschinen.com\/de\/wp-json\/wp\/v2\/types\/product"}],"replies":[{"embeddable":true,"href":"https:\/\/lautenbach-landmaschinen.com\/de\/wp-json\/wp\/v2\/comments?post=2281"}],"wp:featuredmedia":[{"embeddable":true,"href":"https:\/\/lautenbach-landmaschinen.com\/de\/wp-json\/wp\/v2\/media\/2282"}],"wp:attachment":[{"href":"https:\/\/lautenbach-landmaschinen.com\/de\/wp-json\/wp\/v2\/media?parent=2281"}],"wp:term":[{"taxonomy":"product_cat","embeddable":true,"href":"https:\/\/lautenbach-landmaschinen.com\/de\/wp-json\/wp\/v2\/product_cat?post=2281"},{"taxonomy":"product_tag","embeddable":true,"href":"https:\/\/lautenbach-landmaschinen.com\/de\/wp-json\/wp\/v2\/product_tag?post=2281"}],"curies":[{"name":"wp","href":"https:\/\/api.w.org\/{rel}","templated":true}]}}