{"id":2553,"date":"2024-11-19T03:12:57","date_gmt":"2024-11-19T03:12:57","guid":{"rendered":"https:\/\/lautenbach-landmaschinen.com\/?post_type=product&#038;p=2553"},"modified":"2025-02-19T22:12:35","modified_gmt":"2025-02-19T22:12:35","slug":"nacelle-automotrice-jlg-e-600-jp","status":"publish","type":"product","link":"https:\/\/lautenbach-landmaschinen.com\/de\/produkt\/nacelle-automotrice-jlg-e-600-jp\/","title":{"rendered":"Selbstfahrende Arbeitsb\u00fchne JLG E-600-JP"},"content":{"rendered":"<p><strong>Selbstfahrende Arbeitsb\u00fchne JLG E-600-JP<\/strong><\/p>\n<p><strong>Einf\u00fchrung des Produkts mit den Hauptmerkmalen<\/strong><br \/>\nDie selbstfahrende Arbeitsb\u00fchne JLG E-600-JP ist ein leistungsstarkes Modell, das eine gro\u00dfe Reichweite und eine au\u00dfergew\u00f6hnliche Hubkapazit\u00e4t bietet. Sie wird von einem 48-Volt-Gleichstrom-Batteriesystem betrieben und eignet sich ideal f\u00fcr Arbeiten in gro\u00dfen H\u00f6hen unter anspruchsvollen Bedingungen. Mit einer Arbeitsh\u00f6he von 20,39 Metern und einer horizontalen Reichweite von 13,54 Metern gew\u00e4hrleistet diese Arbeitsb\u00fchne maximale Zug\u00e4nglichkeit bei gleichzeitig hoher Stabilit\u00e4t und Sicherheit dank ihres Allradantriebs und ihrer nicht markierenden Reifen.<\/p>\n<p><strong>Detaillierte Hauptmerkmale<\/strong><\/p>\n<p><strong>Energiequelle<\/strong><br \/>\nBatterien: 8 x 6V 415 A-h<br \/>\nElektrisches System: 48 Volt Gleichstrom<\/p>\n<p><strong>Leistungsdaten<\/strong><br \/>\nFahrgeschwindigkeit in abgesenkter Position: 4,80 km\/h<br \/>\nSteigf\u00e4higkeit bei Zweiradantrieb: 30 Prozent<br \/>\nSteigf\u00e4higkeit bei Allradantrieb: 45 Prozent<br \/>\nPlattformkapazit\u00e4t: 230 kg<br \/>\nDrehung des Oberwagens: 400 Grad<br \/>\nDrehmodus: Nicht kontinuierlich<br \/>\nWendekreis au\u00dfen: 4,64 Meter<\/p>\n<p><strong>Detaillierte Abmessungen<\/strong><br \/>\nGesamth\u00f6he in abgesenkter Position: 2,54 Meter<br \/>\nGesamtl\u00e4nge: 10,15 Meter<br \/>\nGesamtbreite: 2,42 Meter<br \/>\nPlattformh\u00f6he: 18,39 Meter<br \/>\nPlattformbreite: 0,76 Meter<br \/>\nPlattforml\u00e4nge: 1,83 Meter<br \/>\nRadstand: 2,74 Meter<br \/>\nReifengr\u00f6\u00dfe: 36 x 14-22.5 nicht markierende pneumatische Reifen<\/p>\n<p><strong>Kapazit\u00e4ten<\/strong><br \/>\nMaximale Arbeitsh\u00f6he: 20,39 Meter<br \/>\nSeitliche Reichweite: 14,19 Meter<br \/>\nHorizontale Armrotation: 180 Grad<br \/>\nMaximale horizontale Ausladung: 13,54 Meter<\/p>\n<p><strong>Allgemeine Spezifikationen<\/strong><br \/>\nKapazit\u00e4t des Hydrauliktanks: 60 Liter<br \/>\nGesamtgewicht der Maschine: 7144 kg<br \/>\nGarantie: 5 Jahre<\/p>\n<p>Diese selbstfahrende Arbeitsb\u00fchne JLG E-600-JP ist die ideale L\u00f6sung f\u00fcr Anwender, die eine leistungsstarke und zuverl\u00e4ssige L\u00f6sung f\u00fcr Arbeiten in gro\u00dfer H\u00f6he auf weitl\u00e4ufigen Fl\u00e4chen suchen. Sie bietet eine gro\u00dfe Hubkapazit\u00e4t sowie eine erhebliche seitliche Reichweite und ist dank ihrer Sicherheits- und Traktionsmerkmale besonders f\u00fcr anspruchsvolle Einsatzbedingungen geeignet.<\/p>","protected":false},"excerpt":{"rendered":"<p>Selbstfahrende Arbeitsb\u00fchne JLG E-600-JP Einf\u00fchrung des Produkts mit den Hauptmerkmalen Die selbstfahrende Arbeitsb\u00fchne JLG E-600-JP ist ein leistungsstarkes Modell, das eine gro\u00dfe Reichweite und eine au\u00dfergew\u00f6hnliche Hubkapazit\u00e4t bietet. Sie wird von einem 48-Volt-Gleichstrom-Batteriesystem betrieben und eignet sich ideal f\u00fcr Arbeiten in gro\u00dfen H\u00f6hen unter anspruchsvollen Bedingungen. Mit einer Arbeitsh\u00f6he von 20,39 Metern und einer horizontalen &hellip; <a href=\"https:\/\/lautenbach-landmaschinen.com\/de\/produkt\/nacelle-automotrice-jlg-e-600-jp\/\" class=\"more-link\">Read more<\/a><\/p>","protected":false},"featured_media":2554,"comment_status":"open","ping_status":"closed","template":"","meta":{"_acf_changed":false},"product_cat":[274],"product_tag":[],"class_list":{"0":"post-2553","1":"product","2":"type-product","3":"status-publish","4":"has-post-thumbnail","6":"product_cat-hubarbeitsbuhnen-und-hebebuhnen","8":"first","9":"instock","10":"shipping-taxable","11":"purchasable","12":"product-type-simple"},"acf":[],"_links":{"self":[{"href":"https:\/\/lautenbach-landmaschinen.com\/de\/wp-json\/wp\/v2\/product\/2553","targetHints":{"allow":["GET"]}}],"collection":[{"href":"https:\/\/lautenbach-landmaschinen.com\/de\/wp-json\/wp\/v2\/product"}],"about":[{"href":"https:\/\/lautenbach-landmaschinen.com\/de\/wp-json\/wp\/v2\/types\/product"}],"replies":[{"embeddable":true,"href":"https:\/\/lautenbach-landmaschinen.com\/de\/wp-json\/wp\/v2\/comments?post=2553"}],"wp:featuredmedia":[{"embeddable":true,"href":"https:\/\/lautenbach-landmaschinen.com\/de\/wp-json\/wp\/v2\/media\/2554"}],"wp:attachment":[{"href":"https:\/\/lautenbach-landmaschinen.com\/de\/wp-json\/wp\/v2\/media?parent=2553"}],"wp:term":[{"taxonomy":"product_cat","embeddable":true,"href":"https:\/\/lautenbach-landmaschinen.com\/de\/wp-json\/wp\/v2\/product_cat?post=2553"},{"taxonomy":"product_tag","embeddable":true,"href":"https:\/\/lautenbach-landmaschinen.com\/de\/wp-json\/wp\/v2\/product_tag?post=2553"}],"curies":[{"name":"wp","href":"https:\/\/api.w.org\/{rel}","templated":true}]}}