{"id":3272,"date":"2024-11-19T14:17:57","date_gmt":"2024-11-19T14:17:57","guid":{"rendered":"https:\/\/lautenbach-landmaschinen.com\/?post_type=product&#038;p=3272"},"modified":"2025-02-19T20:06:06","modified_gmt":"2025-02-19T20:06:06","slug":"gerbeur-semi-electrique-porte-bac-levee-max-1200-mm-charge-max-80kg","status":"publish","type":"product","link":"https:\/\/lautenbach-landmaschinen.com\/de\/produkt\/gerbeur-semi-electrique-porte-bac-levee-max-1200-mm-charge-max-80kg\/","title":{"rendered":"Halbelektrischer Stapler mit Beh\u00e4lteraufnahme \u2013 Max. Hubh\u00f6he 1200 mm \u2013 Max. Tragf\u00e4higkeit 80 kg"},"content":{"rendered":"<h3><strong>Halbelektrischer Beh\u00e4lter-Hochhubwagen \u2013 Maximale Hubh\u00f6he 1200 mm \u2013 Maximale Tragf\u00e4higkeit 80 kg<\/strong><\/h3>\n<p>Der <strong>Halbelektrische Beh\u00e4lter-Hochhubwagen<\/strong> ist ein leichtes und praktisches Handhabungsger\u00e4t, das speziell f\u00fcr den <strong>Transport von Kunststoffbeh\u00e4ltern oder Kartons<\/strong> entwickelt wurde. Dieses Modell reduziert den k\u00f6rperlichen Aufwand und verbessert die Arbeitsbedingungen, insbesondere in industriellen Umgebungen, Werkst\u00e4tten und Lagern.<\/p>\n<h3><strong>Hauptmerkmale:<\/strong><\/h3>\n<ul>\n<li><strong>Tragf\u00e4higkeit:<\/strong> 80 kg<\/li>\n<li><strong>Maximale Hubh\u00f6he:<\/strong> 1200 mm<\/li>\n<li><strong>Hubgeschwindigkeit:<\/strong> 150 mm\/s<\/li>\n<li><strong>Batterien:<\/strong> AGM 2 \u00d7 12V 22Ah<\/li>\n<li><strong>Autonomie:<\/strong> 10 Stunden bei 10 Zyklen\/Stunde<\/li>\n<\/ul>\n<h3><strong>Hauptanwendungen:<\/strong><\/h3>\n<h4><strong>Einsatzbereiche:<\/strong><\/h4>\n<ul>\n<li>Erleichtert die <strong>Handhabung von Kunststoffbeh\u00e4ltern oder Kartons<\/strong>, wodurch das Heben schwerer Lasten entf\u00e4llt und unergonomische K\u00f6rperhaltungen vermieden werden.<\/li>\n<li>Dank seiner <strong>leichten und wendigen Bauweise<\/strong> ideal f\u00fcr den <strong>Transport leichter Lasten in engen R\u00e4umen<\/strong>.<\/li>\n<\/ul>\n<h3><strong>Zus\u00e4tzliche Merkmale:<\/strong><\/h3>\n<h4><strong>Beh\u00e4lterhalterung mit zwei Positionen:<\/strong><\/h4>\n<ul>\n<li>Abnehmbare Platten, die auf den verschiebbaren Gabeln montiert werden k\u00f6nnen.<\/li>\n<li>M\u00f6glichkeit, den Beh\u00e4lter von unten oder \u00fcber den Rand zu greifen, je nach Art der Beh\u00e4lter oder Kartons.<\/li>\n<li><strong>Anpassbar f\u00fcr Beh\u00e4lter oder Kartons<\/strong> mit einer Breite von <strong>128 bis 367 mm<\/strong> und einer L\u00e4nge von <strong>450 mm<\/strong>.<\/li>\n<\/ul>\n<h4><strong>Materialien und Bauweise:<\/strong><\/h4>\n<ul>\n<li><strong>Aluminium-Mast<\/strong> f\u00fcr geringes Gewicht und hohe Widerstandsf\u00e4higkeit.<\/li>\n<li><strong>Stahlchassis<\/strong> f\u00fcr eine robuste und langlebige Konstruktion.<\/li>\n<li><strong>Stahlplatten in zwei Positionen<\/strong> f\u00fcr eine sichere Lastenhandhabung.<\/li>\n<\/ul>\n<h4><strong>Sicherheitsmerkmale:<\/strong><\/h4>\n<ul>\n<li><strong>Fu\u00dfschutz gegen Quetschungen<\/strong> an den Hinterr\u00e4dern.<\/li>\n<li><strong>Sicherheitssystem gegen Umkippen<\/strong>, falls ein Hindernis die Abw\u00e4rtsbewegung blockiert.<\/li>\n<li><strong>Konformit\u00e4t mit Maschinenrichtlinie 2006\/42\/EG und ISO 3691<\/strong>.<\/li>\n<li><strong>Erf\u00fcllt die Empfehlungen der CRAM R-367<\/strong> f\u00fcr optimale Sicherheit der Bediener.<\/li>\n<\/ul>\n<h3><strong>Leistung und Effizienz:<\/strong><\/h3>\n<ul>\n<li><strong>Robuste Konstruktion<\/strong> f\u00fcr den intensiven industriellen Einsatz.<\/li>\n<li><strong>Hubgeschwindigkeit von 150 mm\/s<\/strong>, individuell anpassbar an spezifische Anforderungen.<\/li>\n<li><strong>Lange Betriebsdauer von 10 Stunden<\/strong>, mit vollst\u00e4ndiger Aufladung in <strong>8 Stunden<\/strong> oder <strong>80 % Ladung in 4 Stunden<\/strong>.<\/li>\n<\/ul>\n<h3><strong>Umweltfreundlichkeit:<\/strong><\/h3>\n<ul>\n<li><strong>Nahezu 100 % recycelbar<\/strong>, reduziert den \u00f6kologischen Fu\u00dfabdruck.<\/li>\n<\/ul>\n<h3><strong>Service und Wartung:<\/strong><\/h3>\n<ul>\n<li><strong>3 Jahre Garantie<\/strong> (ausgenommen Verschlei\u00dfteile).<\/li>\n<li><strong>Leicht zug\u00e4ngliche Komponenten<\/strong> f\u00fcr eine schnelle und einfache Wartung.<\/li>\n<li><strong>Kundendienst vor Ort<\/strong> f\u00fcr schnellen und effizienten Service.<\/li>\n<\/ul>\n<p>Der <strong>Halbelektrische Beh\u00e4lter-Hochhubwagen<\/strong> ist die <strong>ideale L\u00f6sung<\/strong> f\u00fcr die <strong>effiziente Handhabung leichter Lasten<\/strong>, insbesondere in sensiblen Umgebungen und Anwendungen, die hohe <strong>Mobilit\u00e4t<\/strong> erfordern. Dank seines <strong>kompakten Designs, der hohen Sicherheitsstandards und der leistungsstarken Funktionen<\/strong> ist er ein unverzichtbares Werkzeug f\u00fcr Profis, die <strong>Produktivit\u00e4t und Komfort<\/strong> optimieren m\u00f6chten.<\/p>","protected":false},"excerpt":{"rendered":"<p>Halbelektrischer Beh\u00e4lter-Hochhubwagen \u2013 Maximale Hubh\u00f6he 1200 mm \u2013 Maximale Tragf\u00e4higkeit 80 kg Der Halbelektrische Beh\u00e4lter-Hochhubwagen ist ein leichtes und praktisches Handhabungsger\u00e4t, das speziell f\u00fcr den Transport von Kunststoffbeh\u00e4ltern oder Kartons entwickelt wurde. Dieses Modell reduziert den k\u00f6rperlichen Aufwand und verbessert die Arbeitsbedingungen, insbesondere in industriellen Umgebungen, Werkst\u00e4tten und Lagern. Hauptmerkmale: Tragf\u00e4higkeit: 80 kg Maximale Hubh\u00f6he: &hellip; <a href=\"https:\/\/lautenbach-landmaschinen.com\/de\/produkt\/gerbeur-semi-electrique-porte-bac-levee-max-1200-mm-charge-max-80kg\/\" class=\"more-link\">Read more<\/a><\/p>","protected":false},"featured_media":3273,"comment_status":"open","ping_status":"closed","template":"","meta":{"_acf_changed":false},"product_cat":[289],"product_tag":[],"class_list":{"0":"post-3272","1":"product","2":"type-product","3":"status-publish","4":"has-post-thumbnail","6":"product_cat-elektrischer-hochhubwagen","8":"first","9":"instock","10":"shipping-taxable","11":"purchasable","12":"product-type-simple"},"acf":[],"_links":{"self":[{"href":"https:\/\/lautenbach-landmaschinen.com\/de\/wp-json\/wp\/v2\/product\/3272","targetHints":{"allow":["GET"]}}],"collection":[{"href":"https:\/\/lautenbach-landmaschinen.com\/de\/wp-json\/wp\/v2\/product"}],"about":[{"href":"https:\/\/lautenbach-landmaschinen.com\/de\/wp-json\/wp\/v2\/types\/product"}],"replies":[{"embeddable":true,"href":"https:\/\/lautenbach-landmaschinen.com\/de\/wp-json\/wp\/v2\/comments?post=3272"}],"wp:featuredmedia":[{"embeddable":true,"href":"https:\/\/lautenbach-landmaschinen.com\/de\/wp-json\/wp\/v2\/media\/3273"}],"wp:attachment":[{"href":"https:\/\/lautenbach-landmaschinen.com\/de\/wp-json\/wp\/v2\/media?parent=3272"}],"wp:term":[{"taxonomy":"product_cat","embeddable":true,"href":"https:\/\/lautenbach-landmaschinen.com\/de\/wp-json\/wp\/v2\/product_cat?post=3272"},{"taxonomy":"product_tag","embeddable":true,"href":"https:\/\/lautenbach-landmaschinen.com\/de\/wp-json\/wp\/v2\/product_tag?post=3272"}],"curies":[{"name":"wp","href":"https:\/\/api.w.org\/{rel}","templated":true}]}}