{"id":3524,"date":"2024-11-19T23:43:25","date_gmt":"2024-11-19T23:43:25","guid":{"rendered":"https:\/\/lautenbach-landmaschinen.com\/?post_type=product&#038;p=3524"},"modified":"2025-02-19T21:25:35","modified_gmt":"2025-02-19T21:25:35","slug":"elevateur-de-charge-manuel-charge-max-125kg-levee-maxi-3500-mm","status":"publish","type":"product","link":"https:\/\/lautenbach-landmaschinen.com\/de\/produkt\/elevateur-de-charge-manuel-charge-max-125kg-levee-maxi-3500-mm\/","title":{"rendered":"Manueller Lastenheber \u2013 Max. Tragf\u00e4higkeit 125 kg \u2013 Max. Hubh\u00f6he 3500 mm"},"content":{"rendered":"<h3><strong>Manueller Lastenlift \u2013 Maximale Tragkraft 125 kg \u2013 Maximale Hubh\u00f6he 3500 mm<\/strong><\/h3>\n<p>Der <strong>manuelle Lastenlift<\/strong> wurde speziell f\u00fcr das <strong>sichere und effiziente Heben leichter bis mittelschwerer Materialien<\/strong> entwickelt. Dank seiner <strong>kompakten und leichten Bauweise<\/strong> ist er ideal f\u00fcr <strong>Handwerker, die Eventbranche und die Leichtindustrie<\/strong>. Dieses Ger\u00e4t sorgt f\u00fcr eine <strong>erh\u00f6hte Sicherheit und maximale Flexibilit\u00e4t bei Hebearbeiten<\/strong>.<\/p>\n<h3><strong>Hauptmerkmale:<\/strong><\/h3>\n<p>\u2714 <strong>Einsatzbereiche:<\/strong><\/p>\n<ul>\n<li><strong>Handwerk:<\/strong> Perfekt f\u00fcr <strong>Zimmerer, Schreiner, Trockenbauer<\/strong>, geeignet zum Heben von <strong>Balken, Fenstern, Pergolen, Gipskartonplatten<\/strong>.<\/li>\n<li><strong>Eventbranche:<\/strong> Unterst\u00fctzt <strong>Messebauer &amp; Veranstaltungstechniker<\/strong> beim <strong>Aufbau von leichten Strukturen &amp; Tr\u00e4gerelementen<\/strong>.<\/li>\n<li><strong>Leichtindustrie:<\/strong> Erleichtert <strong>Montage &amp; Wartung kleiner Maschinen oder Bauteile<\/strong>.<\/li>\n<\/ul>\n<p>\u2714 <strong>Plattform nach Wahl:<\/strong><\/p>\n<ul>\n<li><strong>Klappbare Vollplattform:<\/strong> Optimiert <strong>Lagerung &amp; Transport<\/strong>.<\/li>\n<li><strong>Feste gelochte Plattform:<\/strong> Erleichtert das <strong>Sichern der Last mit Gurten<\/strong>.<\/li>\n<\/ul>\n<p>\u2714 <strong>Klappbares &amp; verstellbares Stativ:<\/strong><\/p>\n<ul>\n<li><strong>Regenschirmkonstruktion<\/strong>, vollst\u00e4ndig einklappbar f\u00fcr optimale <strong>Stabilit\u00e4t &amp; Mobilit\u00e4t<\/strong>.<\/li>\n<li><strong>Unabh\u00e4ngig verstellbare F\u00fc\u00dfe<\/strong> f\u00fcr unebenes Gel\u00e4nde (<strong>Trottoirs, Baustellenb\u00f6den<\/strong>).<\/li>\n<\/ul>\n<p>\u2714 <strong>Sicherer Hubmechanismus:<\/strong><\/p>\n<ul>\n<li><strong>Handseilwinde mit automatischer Bremse<\/strong>, stoppt die Last sofort beim Loslassen der Kurbel.<\/li>\n<li><strong>Rutschfeste Gummif\u00fc\u00dfe &amp; Fixierknopf<\/strong>, sichern die gew\u00fcnschte Arbeitsh\u00f6he.<\/li>\n<\/ul>\n<h3><strong>Design &amp; Ergonomie:<\/strong><\/h3>\n<p>\u2714 <strong>Leichtgewicht:<\/strong><\/p>\n<ul>\n<li><strong>Einhand-Transport<\/strong> m\u00f6glich, einfache <strong>Verladung in Transporter<\/strong>.<\/li>\n<\/ul>\n<p>\u2714 <strong>Verst\u00e4rkte Konstruktion:<\/strong><\/p>\n<ul>\n<li><strong>Hochbelastbarer Stahlrahmen mit Epoxid-Doppelschicht<\/strong> f\u00fcr langlebige <strong>Wetterbest\u00e4ndigkeit<\/strong>.<\/li>\n<\/ul>\n<h3><strong>Produktvorteile:<\/strong><\/h3>\n<p>\u2714 <strong>Schneller Aufbau:<\/strong> <strong>Werkzeugloser Auf- &amp; Abbau<\/strong> \u2013 ideal f\u00fcr den <strong>Einsatz durch eine einzelne Person<\/strong>.<br \/>\n\u2714 <strong>Erh\u00f6hte Sicherheit:<\/strong> <strong>Automatische Seilbremsen &amp; gesch\u00fctzte Seilrollen<\/strong>, verhindern Unf\u00e4lle.<br \/>\n\u2714 <strong>Au\u00dfeneinsatz geeignet:<\/strong> <strong>Epoxidbeschichtung sch\u00fctzt vor Witterungseinfl\u00fcssen<\/strong>, ideal f\u00fcr Baustellen.<\/p>\n<h3><strong>Hauptanwendungen:<\/strong><\/h3>\n<p>\u2714 <strong>Leichtes Baustellen-Handling:<\/strong> <strong>Heben &amp; Positionieren von Baumaterialien in der H\u00f6he<\/strong>.<br \/>\n\u2714 <strong>Industrie &amp; Handwerk:<\/strong> <strong>Flexibles Handling von Maschinen &amp; Bauteilen in Werkst\u00e4tten &amp; auf Baustellen<\/strong>.<br \/>\n\u2714 <strong>Eventtechnik:<\/strong> <strong>Schneller Aufbau von St\u00e4nden &amp; Strukturen f\u00fcr Messen &amp; Veranstaltungen<\/strong>.<\/p>\n<h3><strong>Optionale Erweiterungen:<\/strong><\/h3>\n<p>\u2714 <strong>Spezielle Plattformen f\u00fcr ma\u00dfgeschneiderte Hebel\u00f6sungen<\/strong>.<\/p>\n<h3><strong>Fazit:<\/strong><\/h3>\n<p>Der <strong>manuelle Lastenlift<\/strong> ist ein <strong>leistungsstarkes, sicheres und flexibles Hebewerkzeug<\/strong> f\u00fcr Baustellen, Werkst\u00e4tten und die Eventbranche. Seine <strong>kompakte Bauweise, hohe Stabilit\u00e4t und einfache Bedienung<\/strong> machen ihn zur <strong>idealen L\u00f6sung f\u00fcr mobile Hebearbeiten<\/strong>.<\/p>","protected":false},"excerpt":{"rendered":"<p>Manueller Lastenlift \u2013 Maximale Tragkraft 125 kg \u2013 Maximale Hubh\u00f6he 3500 mm Der manuelle Lastenlift wurde speziell f\u00fcr das sichere und effiziente Heben leichter bis mittelschwerer Materialien entwickelt. Dank seiner kompakten und leichten Bauweise ist er ideal f\u00fcr Handwerker, die Eventbranche und die Leichtindustrie. Dieses Ger\u00e4t sorgt f\u00fcr eine erh\u00f6hte Sicherheit und maximale Flexibilit\u00e4t bei &hellip; <a href=\"https:\/\/lautenbach-landmaschinen.com\/de\/produkt\/elevateur-de-charge-manuel-charge-max-125kg-levee-maxi-3500-mm\/\" class=\"more-link\">Read more<\/a><\/p>","protected":false},"featured_media":3525,"comment_status":"open","ping_status":"closed","template":"","meta":{"_acf_changed":false},"product_cat":[295],"product_tag":[],"class_list":{"0":"post-3524","1":"product","2":"type-product","3":"status-publish","4":"has-post-thumbnail","6":"product_cat-arbeitsbuhnen-fur-gabelstapler","8":"first","9":"instock","10":"shipping-taxable","11":"purchasable","12":"product-type-simple"},"acf":[],"_links":{"self":[{"href":"https:\/\/lautenbach-landmaschinen.com\/de\/wp-json\/wp\/v2\/product\/3524","targetHints":{"allow":["GET"]}}],"collection":[{"href":"https:\/\/lautenbach-landmaschinen.com\/de\/wp-json\/wp\/v2\/product"}],"about":[{"href":"https:\/\/lautenbach-landmaschinen.com\/de\/wp-json\/wp\/v2\/types\/product"}],"replies":[{"embeddable":true,"href":"https:\/\/lautenbach-landmaschinen.com\/de\/wp-json\/wp\/v2\/comments?post=3524"}],"wp:featuredmedia":[{"embeddable":true,"href":"https:\/\/lautenbach-landmaschinen.com\/de\/wp-json\/wp\/v2\/media\/3525"}],"wp:attachment":[{"href":"https:\/\/lautenbach-landmaschinen.com\/de\/wp-json\/wp\/v2\/media?parent=3524"}],"wp:term":[{"taxonomy":"product_cat","embeddable":true,"href":"https:\/\/lautenbach-landmaschinen.com\/de\/wp-json\/wp\/v2\/product_cat?post=3524"},{"taxonomy":"product_tag","embeddable":true,"href":"https:\/\/lautenbach-landmaschinen.com\/de\/wp-json\/wp\/v2\/product_tag?post=3524"}],"curies":[{"name":"wp","href":"https:\/\/api.w.org\/{rel}","templated":true}]}}