{"id":4437,"date":"2025-02-18T22:27:33","date_gmt":"2025-02-18T22:27:33","guid":{"rendered":"https:\/\/lautenbach-landmaschinen.com\/?post_type=product&#038;p=4437"},"modified":"2025-02-18T22:27:33","modified_gmt":"2025-02-18T22:27:33","slug":"husqvarna-akku-rider-r-112ic-inkl-mahdeck-ladegerat-vorfuhrgerat","status":"publish","type":"product","link":"https:\/\/lautenbach-landmaschinen.com\/de\/produkt\/husqvarna-akku-rider-r-112ic-inkl-mahdeck-ladegerat-vorfuhrgerat\/","title":{"rendered":"Husqvarna Akku-Rider R 112iC &#8211; inkl. M\u00e4hdeck &#038; Ladeger\u00e4t (Vorf\u00fchrger\u00e4t)"},"content":{"rendered":"<h3 data-start=\"170\" data-end=\"251\"><strong data-start=\"174\" data-end=\"249\">Husqvarna Akku-Rider R 112iC \u2013 inkl. M\u00e4hdeck &amp; Ladeger\u00e4t (Vorf\u00fchrger\u00e4t)<\/strong><\/h3>\n<h4 data-start=\"253\" data-end=\"300\"><strong data-start=\"258\" data-end=\"298\">Produkteinf\u00fchrung mit Hauptmerkmalen<\/strong><\/h4>\n<p data-start=\"301\" data-end=\"1117\">Der Husqvarna Akku-Rider R 112iC ist ein vielseitiger, akkubetriebener Aufsitzrasenm\u00e4her, der mit einer breiten Palette von heckmontierten Anbauger\u00e4ten genutzt werden kann. Er bietet die Leistung und den Komfort eines benzinbetriebenen Riders \u2013 jedoch ohne Motorger\u00e4usch und mit reduziertem Wartungsaufwand. Dank des effizienten <strong data-start=\"630\" data-end=\"658\">Li-Ionen-Akkus (38,5 Ah)<\/strong> und des leistungsstarken Elektromotors bietet dieser Rider eine hervorragende Laufzeit. Die <strong data-start=\"751\" data-end=\"774\">PowerBoost-Funktion<\/strong> passt automatisch die optimale Leistung an, um unter allen Bedingungen beste M\u00e4hergebnisse zu erzielen. Die intuitive Steuerung sorgt f\u00fcr eine einfache Bedienung, w\u00e4hrend die <strong data-start=\"950\" data-end=\"966\">Knicklenkung<\/strong> enge und pr\u00e4zise Kurvenfahrten erm\u00f6glicht. Das <strong data-start=\"1014\" data-end=\"1034\">Combi 85 M\u00e4hdeck<\/strong> ist inklusive und erm\u00f6glicht sowohl <strong data-start=\"1071\" data-end=\"1093\">BioClip\u00ae (Mulchen)<\/strong> als auch Heckauswurf.<\/p>\n<hr data-start=\"1119\" data-end=\"1122\" \/>\n<h3 data-start=\"1124\" data-end=\"1160\"><strong data-start=\"1128\" data-end=\"1158\">Detaillierte Hauptmerkmale<\/strong><\/h3>\n<h4 data-start=\"1162\" data-end=\"1184\"><strong data-start=\"1167\" data-end=\"1182\">M\u00e4hleistung<\/strong><\/h4>\n<ul data-start=\"1185\" data-end=\"1611\">\n<li data-start=\"1185\" data-end=\"1213\"><strong data-start=\"1187\" data-end=\"1204\">Schnittbreite<\/strong>: 85 cm<\/li>\n<li data-start=\"1214\" data-end=\"1255\"><strong data-start=\"1216\" data-end=\"1243\">Schnitth\u00f6he verstellbar<\/strong>: 25\u201375 mm<\/li>\n<li data-start=\"1256\" data-end=\"1372\"><strong data-start=\"1258\" data-end=\"1286\">BioClip\u00ae (Mulchfunktion)<\/strong>: Zerkleinert das Gras fein und f\u00fchrt es als nat\u00fcrlichen D\u00fcnger zur\u00fcck in den Rasen.<\/li>\n<li data-start=\"1373\" data-end=\"1489\"><strong data-start=\"1375\" data-end=\"1409\">Automatische Messeraktivierung<\/strong>: Die Messer schalten sich automatisch ein, sobald das M\u00e4hdeck abgesenkt wird.<\/li>\n<li data-start=\"1490\" data-end=\"1611\"><strong data-start=\"1492\" data-end=\"1518\">PowerBoost-Technologie<\/strong>: Passt die Leistung des Motors automatisch an, um optimale M\u00e4hergebnisse zu gew\u00e4hrleisten.<\/li>\n<\/ul>\n<h4 data-start=\"1613\" data-end=\"1656\"><strong data-start=\"1618\" data-end=\"1654\">Man\u00f6vrierf\u00e4higkeit und Ergonomie<\/strong><\/h4>\n<ul data-start=\"1657\" data-end=\"2056\">\n<li data-start=\"1657\" data-end=\"1741\"><strong data-start=\"1659\" data-end=\"1684\">Knickgelenkte Lenkung<\/strong>: Sorgt f\u00fcr maximale Wendigkeit und enge Kurvenfahrten.<\/li>\n<li data-start=\"1742\" data-end=\"1833\"><strong data-start=\"1744\" data-end=\"1769\">Pendelnde Hinterachse<\/strong>: Sorgt f\u00fcr hervorragende Traktion, auch auf unebenem Gel\u00e4nde.<\/li>\n<li data-start=\"1834\" data-end=\"1927\"><strong data-start=\"1836\" data-end=\"1868\">Effizienter Hinterradantrieb<\/strong>: Verbessert die Bodenhaftung, insbesondere an Hanglagen.<\/li>\n<li data-start=\"1928\" data-end=\"2056\"><strong data-start=\"1930\" data-end=\"1962\">Gro\u00dfe R\u00e4der vorne und hinten<\/strong>: Verbessern den Fahrkomfort und reduzieren das Risiko, empfindliche Fl\u00e4chen zu besch\u00e4digen.<\/li>\n<\/ul>\n<h4 data-start=\"2058\" data-end=\"2096\"><strong data-start=\"2063\" data-end=\"2094\">Konnektivit\u00e4t und Steuerung<\/strong><\/h4>\n<ul data-start=\"2097\" data-end=\"2280\">\n<li data-start=\"2097\" data-end=\"2187\"><strong data-start=\"2099\" data-end=\"2127\">Intuitive Bedienelemente<\/strong>: Ergonomisch platzierte Steuerungen f\u00fcr h\u00f6chsten Komfort.<\/li>\n<li data-start=\"2188\" data-end=\"2280\"><strong data-start=\"2190\" data-end=\"2205\">savE\u2122-Modus<\/strong>: Erm\u00f6glicht die Wahl zwischen maximaler Leistung oder l\u00e4ngerer Laufzeit.<\/li>\n<\/ul>\n<hr data-start=\"2282\" data-end=\"2285\" \/>\n<h3 data-start=\"2287\" data-end=\"2327\"><strong data-start=\"2291\" data-end=\"2325\">Detaillierte Serienausstattung<\/strong><\/h3>\n<ul data-start=\"2328\" data-end=\"2777\">\n<li data-start=\"2328\" data-end=\"2431\"><strong data-start=\"2330\" data-end=\"2350\">Combi 85 M\u00e4hdeck<\/strong>: Wahl zwischen <strong data-start=\"2366\" data-end=\"2394\">Mulchfunktion (BioClip\u00ae)<\/strong> oder Heckauswurf f\u00fcr h\u00f6heres Gras.<\/li>\n<li data-start=\"2432\" data-end=\"2515\"><strong data-start=\"2434\" data-end=\"2466\">Lithium-Ionen-Akku (38,5 Ah)<\/strong>: Lange Laufzeiten f\u00fcr ausgedehnte M\u00e4harbeiten.<\/li>\n<li data-start=\"2516\" data-end=\"2613\"><strong data-start=\"2518\" data-end=\"2563\">Klappbarer Sitz mit mittlerer R\u00fcckenlehne<\/strong>: Komfortable Sitzposition f\u00fcr l\u00e4ngere Eins\u00e4tze.<\/li>\n<li data-start=\"2614\" data-end=\"2702\"><strong data-start=\"2616\" data-end=\"2644\">Scheiben-Feststellbremse<\/strong>: Sorgt f\u00fcr Sicherheit beim Parken auf unebenem Gel\u00e4nde.<\/li>\n<li data-start=\"2703\" data-end=\"2777\"><strong data-start=\"2705\" data-end=\"2723\">Flaschenhalter<\/strong>: Praktische Ablage f\u00fcr Getr\u00e4nke w\u00e4hrend der Arbeit.<\/li>\n<\/ul>\n<hr data-start=\"2779\" data-end=\"2782\" \/>\n<h3 data-start=\"2784\" data-end=\"2814\"><strong data-start=\"2788\" data-end=\"2812\">Design und Ergonomie<\/strong><\/h3>\n<ul data-start=\"2815\" data-end=\"3065\">\n<li data-start=\"2815\" data-end=\"2898\"><strong data-start=\"2817\" data-end=\"2838\">Kompakte Bauweise<\/strong>: Perfekt f\u00fcr enge Passagen und komplexe Gartenstrukturen.<\/li>\n<li data-start=\"2899\" data-end=\"2984\"><strong data-start=\"2901\" data-end=\"2929\">Geringer Wartungsaufwand<\/strong>: Keine Benzin-, \u00d6l- oder Riemenwechsel erforderlich.<\/li>\n<li data-start=\"2985\" data-end=\"3065\"><strong data-start=\"2987\" data-end=\"3012\">Ger\u00e4uscharmer Betrieb<\/strong>: Ideal f\u00fcr Wohngebiete mit geringer L\u00e4rmbelastung.<\/li>\n<\/ul>\n<hr data-start=\"3067\" data-end=\"3070\" \/>\n<h3 data-start=\"3072\" data-end=\"3097\"><strong data-start=\"3076\" data-end=\"3095\">Produktvorteile<\/strong><\/h3>\n<ul data-start=\"3098\" data-end=\"3477\">\n<li data-start=\"3098\" data-end=\"3200\"><strong data-start=\"3100\" data-end=\"3135\">Automatische Leistungsanpassung<\/strong>: PowerBoost-Technologie optimiert die Leistung je nach Bedarf.<\/li>\n<li data-start=\"3201\" data-end=\"3312\"><strong data-start=\"3203\" data-end=\"3233\">Hervorragender Fahrkomfort<\/strong>: Knicklenkung, gro\u00dfe R\u00e4der und pendelnde Hinterachse f\u00fcr maximale Kontrolle.<\/li>\n<li data-start=\"3313\" data-end=\"3384\"><strong data-start=\"3315\" data-end=\"3342\">Effiziente Akkulaufzeit<\/strong>: savE\u2122-Modus f\u00fcr l\u00e4ngere Nutzungsdauer.<\/li>\n<li data-start=\"3385\" data-end=\"3477\"><strong data-start=\"3387\" data-end=\"3417\">Umweltfreundlicher Betrieb<\/strong>: Keine direkten CO\u2082-Emissionen, leiser als Benzinmodelle.<\/li>\n<\/ul>\n<hr data-start=\"3479\" data-end=\"3482\" \/>\n<h3 data-start=\"3484\" data-end=\"3517\"><strong data-start=\"3488\" data-end=\"3515\">Hauptanwendungsbereiche<\/strong><\/h3>\n<ul data-start=\"3518\" data-end=\"3790\">\n<li data-start=\"3518\" data-end=\"3619\"><strong data-start=\"3520\" data-end=\"3569\">Mittelgro\u00dfe bis gro\u00dfe G\u00e4rten mit Hindernissen<\/strong>: Ideal f\u00fcr komplexe Fl\u00e4chen mit engen Passagen.<\/li>\n<li data-start=\"3620\" data-end=\"3699\"><strong data-start=\"3622\" data-end=\"3637\">Wohngebiete<\/strong>: Ger\u00e4uscharm und daher optimal f\u00fcr l\u00e4rmsensible Umgebungen.<\/li>\n<li data-start=\"3700\" data-end=\"3790\"><strong data-start=\"3702\" data-end=\"3724\">Unwegsames Gel\u00e4nde<\/strong>: Gute Traktion und Stabilit\u00e4t f\u00fcr sicheres Arbeiten auf H\u00e4ngen.<\/li>\n<\/ul>\n<hr data-start=\"3792\" data-end=\"3795\" \/>\n<h3 data-start=\"3797\" data-end=\"3823\"><strong data-start=\"3801\" data-end=\"3821\">Technische Daten<\/strong><\/h3>\n<ul data-start=\"3824\" data-end=\"4323\">\n<li data-start=\"3824\" data-end=\"3895\"><strong data-start=\"3826\" data-end=\"3843\">Energiequelle<\/strong>: <strong data-start=\"3845\" data-end=\"3877\">Lithium-Ionen-Akku (38,5 Ah)<\/strong> (fest verbaut).<\/li>\n<li data-start=\"3896\" data-end=\"3929\"><strong data-start=\"3898\" data-end=\"3915\">Schnittbreite<\/strong>: <strong data-start=\"3917\" data-end=\"3926\">85 cm<\/strong>.<\/li>\n<li data-start=\"3930\" data-end=\"3976\"><strong data-start=\"3932\" data-end=\"3959\">Schnitth\u00f6he verstellbar<\/strong>: <strong data-start=\"3961\" data-end=\"3973\">25\u201375 mm<\/strong>.<\/li>\n<li data-start=\"3977\" data-end=\"4018\"><strong data-start=\"3979\" data-end=\"4003\">Max. Geschwindigkeit<\/strong>: <strong data-start=\"4005\" data-end=\"4015\">9 km\/h<\/strong>.<\/li>\n<li data-start=\"4019\" data-end=\"4064\"><strong data-start=\"4021\" data-end=\"4049\">R\u00fcckw\u00e4rtsgeschwindigkeit<\/strong>: <strong data-start=\"4051\" data-end=\"4061\">4 km\/h<\/strong>.<\/li>\n<li data-start=\"4065\" data-end=\"4093\"><strong data-start=\"4067\" data-end=\"4079\">Radstand<\/strong>: <strong data-start=\"4081\" data-end=\"4090\">80 cm<\/strong>.<\/li>\n<li data-start=\"4094\" data-end=\"4129\"><strong data-start=\"4096\" data-end=\"4114\">Versandgewicht<\/strong>: <strong data-start=\"4116\" data-end=\"4126\">161 kg<\/strong>.<\/li>\n<li data-start=\"4130\" data-end=\"4323\"><strong data-start=\"4132\" data-end=\"4154\">Ger\u00e4uschemissionen<\/strong>:\n<ul data-start=\"4160\" data-end=\"4323\">\n<li data-start=\"4160\" data-end=\"4216\">Schalldruckpegel am Ohr des Bedieners: <strong data-start=\"4201\" data-end=\"4213\">80 dB(A)<\/strong>.<\/li>\n<li data-start=\"4219\" data-end=\"4271\">Gemessener Schallleistungspegel: <strong data-start=\"4254\" data-end=\"4268\">93,3 dB(A)<\/strong>.<\/li>\n<li data-start=\"4274\" data-end=\"4323\">Maximaler Schallleistungspegel: <strong data-start=\"4308\" data-end=\"4320\">96 dB(A)<\/strong>.<\/li>\n<\/ul>\n<\/li>\n<\/ul>\n<hr data-start=\"4325\" data-end=\"4328\" \/>\n<h3 data-start=\"4330\" data-end=\"4345\"><strong data-start=\"4334\" data-end=\"4343\">Fazit<\/strong><\/h3>\n<p data-start=\"4346\" data-end=\"4835\">Der <strong data-start=\"4350\" data-end=\"4382\">Husqvarna Akku-Rider R 112iC<\/strong> ist eine hervorragende Wahl f\u00fcr alle, die eine leistungsstarke, leise und wartungsarme L\u00f6sung f\u00fcr die Rasenpflege suchen. Mit der <strong data-start=\"4513\" data-end=\"4539\">PowerBoost-Technologie<\/strong>, der <strong data-start=\"4545\" data-end=\"4571\">knickgelenkten Lenkung<\/strong> und dem <strong data-start=\"4580\" data-end=\"4595\">savE\u2122-Modus<\/strong> bietet dieser akkubetriebene Aufsitzm\u00e4her eine au\u00dfergew\u00f6hnliche Kombination aus Effizienz und Benutzerfreundlichkeit. Egal ob f\u00fcr kleinere oder gr\u00f6\u00dfere Fl\u00e4chen \u2013 dieser Rider garantiert eine hochwertige Rasenpflege mit maximalem Komfort.<\/p>","protected":false},"excerpt":{"rendered":"<p>Husqvarna Akku-Rider R 112iC \u2013 inkl. M\u00e4hdeck &amp; Ladeger\u00e4t (Vorf\u00fchrger\u00e4t) Produkteinf\u00fchrung mit Hauptmerkmalen Der Husqvarna Akku-Rider R 112iC ist ein vielseitiger, akkubetriebener Aufsitzrasenm\u00e4her, der mit einer breiten Palette von heckmontierten Anbauger\u00e4ten genutzt werden kann. Er bietet die Leistung und den Komfort eines benzinbetriebenen Riders \u2013 jedoch ohne Motorger\u00e4usch und mit reduziertem Wartungsaufwand. Dank des effizienten &hellip; <a href=\"https:\/\/lautenbach-landmaschinen.com\/de\/produkt\/husqvarna-akku-rider-r-112ic-inkl-mahdeck-ladegerat-vorfuhrgerat\/\" class=\"more-link\">Read more<\/a><\/p>","protected":false},"featured_media":4438,"comment_status":"open","ping_status":"closed","template":"","meta":{"_acf_changed":false},"product_cat":[265],"product_tag":[],"class_list":{"0":"post-4437","1":"product","2":"type-product","3":"status-publish","4":"has-post-thumbnail","6":"product_cat-aufsitzmaher","8":"first","9":"instock","10":"shipping-taxable","11":"purchasable","12":"product-type-simple"},"acf":[],"_links":{"self":[{"href":"https:\/\/lautenbach-landmaschinen.com\/de\/wp-json\/wp\/v2\/product\/4437","targetHints":{"allow":["GET"]}}],"collection":[{"href":"https:\/\/lautenbach-landmaschinen.com\/de\/wp-json\/wp\/v2\/product"}],"about":[{"href":"https:\/\/lautenbach-landmaschinen.com\/de\/wp-json\/wp\/v2\/types\/product"}],"replies":[{"embeddable":true,"href":"https:\/\/lautenbach-landmaschinen.com\/de\/wp-json\/wp\/v2\/comments?post=4437"}],"wp:featuredmedia":[{"embeddable":true,"href":"https:\/\/lautenbach-landmaschinen.com\/de\/wp-json\/wp\/v2\/media\/4438"}],"wp:attachment":[{"href":"https:\/\/lautenbach-landmaschinen.com\/de\/wp-json\/wp\/v2\/media?parent=4437"}],"wp:term":[{"taxonomy":"product_cat","embeddable":true,"href":"https:\/\/lautenbach-landmaschinen.com\/de\/wp-json\/wp\/v2\/product_cat?post=4437"},{"taxonomy":"product_tag","embeddable":true,"href":"https:\/\/lautenbach-landmaschinen.com\/de\/wp-json\/wp\/v2\/product_tag?post=4437"}],"curies":[{"name":"wp","href":"https:\/\/api.w.org\/{rel}","templated":true}]}}