{"id":4458,"date":"2025-02-18T23:09:25","date_gmt":"2025-02-18T23:09:25","guid":{"rendered":"https:\/\/lautenbach-landmaschinen.com\/?post_type=product&#038;p=4458"},"modified":"2025-02-18T23:09:25","modified_gmt":"2025-02-18T23:09:25","slug":"husqvarna-rider-r-115c-inkl-mahwerk-combi-95","status":"publish","type":"product","link":"https:\/\/lautenbach-landmaschinen.com\/de\/produkt\/husqvarna-rider-r-115c-inkl-mahwerk-combi-95\/","title":{"rendered":"Husqvarna Rider R 115C &#8211; inkl. M\u00e4hwerk Combi 95"},"content":{"rendered":"<h3 data-start=\"0\" data-end=\"57\"><strong data-start=\"4\" data-end=\"55\">Husqvarna Rider R 115C \u2013 inkl. M\u00e4hwerk Combi 95<\/strong><\/h3>\n<h4 data-start=\"59\" data-end=\"106\"><strong data-start=\"64\" data-end=\"104\">Produkteinf\u00fchrung mit Hauptmerkmalen<\/strong><\/h4>\n<p data-start=\"107\" data-end=\"520\">Der <strong data-start=\"111\" data-end=\"137\">Husqvarna Rider R 115C<\/strong> ist ein <strong data-start=\"146\" data-end=\"194\">kompakter, benutzerfreundlicher Aufsitzm\u00e4her<\/strong>, der speziell f\u00fcr Privatanwender entwickelt wurde, die eine effiziente und vielseitige L\u00f6sung f\u00fcr die Rasenpflege suchen. Mit seiner <strong data-start=\"328\" data-end=\"344\">Knicklenkung<\/strong> und dem <strong data-start=\"353\" data-end=\"380\">frontmontierten M\u00e4hdeck<\/strong> bietet dieser Rider ein hervorragendes <strong data-start=\"420\" data-end=\"442\">Man\u00f6vrierverhalten<\/strong>, sodass er m\u00fchelos um Hindernisse wie B\u00e4ume oder Beete gelenkt werden kann.<\/p>\n<p data-start=\"522\" data-end=\"940\">Das mitgelieferte <strong data-start=\"540\" data-end=\"582\">Combi 95 M\u00e4hdeck (95 cm Schnittbreite)<\/strong> erm\u00f6glicht die Wahl zwischen <strong data-start=\"612\" data-end=\"632\">BioClip\u00ae-Mulchen<\/strong> und <strong data-start=\"637\" data-end=\"652\">Heckauswurf<\/strong>, wodurch sich der Rider an verschiedene Rasenbedingungen anpassen l\u00e4sst. Der <strong data-start=\"730\" data-end=\"750\">Hinterradantrieb<\/strong> sorgt f\u00fcr eine optimale Traktion, w\u00e4hrend eine Vielzahl an optionalem Zubeh\u00f6r wie <strong data-start=\"833\" data-end=\"886\">Anh\u00e4nger, Moosharke, Streuwagen oder Schneeschild<\/strong> den <strong data-start=\"891\" data-end=\"915\">ganzj\u00e4hrigen Einsatz<\/strong> des Riders erm\u00f6glicht.<\/p>\n<hr data-start=\"942\" data-end=\"945\" \/>\n<h3 data-start=\"947\" data-end=\"983\"><strong data-start=\"951\" data-end=\"981\">Detaillierte Hauptmerkmale<\/strong><\/h3>\n<h4 data-start=\"985\" data-end=\"1007\"><strong data-start=\"990\" data-end=\"1005\">M\u00e4hleistung<\/strong><\/h4>\n<ul data-start=\"1008\" data-end=\"1402\">\n<li data-start=\"1008\" data-end=\"1037\"><strong data-start=\"1010\" data-end=\"1027\">Schnittbreite<\/strong>: 95 cm.<\/li>\n<li data-start=\"1038\" data-end=\"1096\"><strong data-start=\"1040\" data-end=\"1055\">M\u00e4hmethoden<\/strong>: <strong data-start=\"1057\" data-end=\"1093\">BioClip\u00ae (Mulchen) \/ Heckauswurf<\/strong>.<\/li>\n<li data-start=\"1097\" data-end=\"1150\"><strong data-start=\"1099\" data-end=\"1126\">Schnitth\u00f6he einstellbar<\/strong>: 25\u201375 mm (5 Stufen).<\/li>\n<li data-start=\"1151\" data-end=\"1257\"><strong data-start=\"1153\" data-end=\"1187\">Automatische Messerzuschaltung<\/strong>: Die Messer aktivieren sich automatisch beim Absenken des M\u00e4hwerks.<\/li>\n<li data-start=\"1258\" data-end=\"1402\"><strong data-start=\"1260\" data-end=\"1287\">Frontmontiertes M\u00e4hdeck<\/strong>: Erm\u00f6glicht eine <strong data-start=\"1305\" data-end=\"1345\">bessere Sicht auf den Arbeitsbereich<\/strong> und erleichtert das M\u00e4hen unter Str\u00e4uchern und B\u00e4nken.<\/li>\n<\/ul>\n<h4 data-start=\"1404\" data-end=\"1441\"><strong data-start=\"1409\" data-end=\"1439\">Antriebs- und Steuersystem<\/strong><\/h4>\n<ul data-start=\"1442\" data-end=\"1800\">\n<li data-start=\"1442\" data-end=\"1534\"><strong data-start=\"1444\" data-end=\"1472\">Hydrostatisches Getriebe<\/strong>: <strong data-start=\"1474\" data-end=\"1492\">Pedalgesteuert<\/strong>, f\u00fcr eine pr\u00e4zise und sanfte Steuerung.<\/li>\n<li data-start=\"1535\" data-end=\"1577\"><strong data-start=\"1537\" data-end=\"1565\">Maximale Geschwindigkeit<\/strong>: 10 km\/h.<\/li>\n<li data-start=\"1578\" data-end=\"1619\"><strong data-start=\"1580\" data-end=\"1608\">R\u00fcckw\u00e4rtsgeschwindigkeit<\/strong>: 8 km\/h.<\/li>\n<li data-start=\"1620\" data-end=\"1708\"><strong data-start=\"1622\" data-end=\"1642\">Hinterradantrieb<\/strong>: Sorgt f\u00fcr eine gute Traktion auf trockenen und ebenen Fl\u00e4chen.<\/li>\n<li data-start=\"1709\" data-end=\"1800\"><strong data-start=\"1711\" data-end=\"1727\">Knicklenkung<\/strong>: Gew\u00e4hrleistet eine hervorragende Wendigkeit, ideal f\u00fcr enge Passagen.<\/li>\n<\/ul>\n<h4 data-start=\"1802\" data-end=\"1834\"><strong data-start=\"1807\" data-end=\"1832\">Komfort und Ergonomie<\/strong><\/h4>\n<ul data-start=\"1835\" data-end=\"2086\">\n<li data-start=\"1835\" data-end=\"1919\"><strong data-start=\"1837\" data-end=\"1877\">Vinyl-Sitz mit mittlerer R\u00fcckenlehne<\/strong>: Komfortabel auch f\u00fcr l\u00e4ngere Eins\u00e4tze.<\/li>\n<li data-start=\"1920\" data-end=\"2001\"><strong data-start=\"1922\" data-end=\"1941\">Gefederter Sitz<\/strong>: Reduziert Vibrationen f\u00fcr ein angenehmeres Fahrerlebnis.<\/li>\n<li data-start=\"2002\" data-end=\"2086\"><strong data-start=\"2004\" data-end=\"2023\">Klappbarer Sitz<\/strong>: Erleichtert die Lagerung und den Zugang zu Wartungspunkten.<\/li>\n<\/ul>\n<hr data-start=\"2088\" data-end=\"2091\" \/>\n<h3 data-start=\"2093\" data-end=\"2133\"><strong data-start=\"2097\" data-end=\"2131\">Detaillierte Serienausstattung<\/strong><\/h3>\n<ul data-start=\"2134\" data-end=\"2621\">\n<li data-start=\"2134\" data-end=\"2234\"><strong data-start=\"2136\" data-end=\"2231\">Briggs &amp; Stratton PowerBuilt AVS Motor (9,5 kW \/ 12,9 PS, 500 cm\u00b3, 1 Zylinder, luftgek\u00fchlt)<\/strong>.<\/li>\n<li data-start=\"2235\" data-end=\"2313\"><strong data-start=\"2237\" data-end=\"2261\">Tankvolumen: 7 Liter<\/strong> f\u00fcr l\u00e4ngere M\u00e4harbeiten ohne h\u00e4ufiges Nachf\u00fcllen.<\/li>\n<li data-start=\"2314\" data-end=\"2379\"><strong data-start=\"2316\" data-end=\"2347\">Pulverbeschichtetes M\u00e4hdeck<\/strong> f\u00fcr eine l\u00e4ngere Lebensdauer.<\/li>\n<li data-start=\"2380\" data-end=\"2458\"><strong data-start=\"2382\" data-end=\"2403\">Radstand: 84,5 cm<\/strong> f\u00fcr hohe Stabilit\u00e4t und einfache Man\u00f6vrierf\u00e4higkeit.<\/li>\n<li data-start=\"2459\" data-end=\"2561\"><strong data-start=\"2461\" data-end=\"2502\">Gro\u00dfe R\u00e4der (170\/60-8 vorne &amp; hinten)<\/strong> f\u00fcr optimalen Fahrkomfort und reduzierte Bodenbelastung.<\/li>\n<li data-start=\"2562\" data-end=\"2621\"><strong data-start=\"2564\" data-end=\"2595\">Sicheres Arbeiten an H\u00e4ngen<\/strong> bis zu <strong data-start=\"2603\" data-end=\"2618\">10\u00b0 Neigung<\/strong>.<\/li>\n<\/ul>\n<hr data-start=\"2623\" data-end=\"2626\" \/>\n<h3 data-start=\"2628\" data-end=\"2658\"><strong data-start=\"2632\" data-end=\"2656\">Design und Ergonomie<\/strong><\/h3>\n<ul data-start=\"2659\" data-end=\"2924\">\n<li data-start=\"2659\" data-end=\"2744\"><strong data-start=\"2661\" data-end=\"2682\">Kompakte Bauweise<\/strong>: Ideal f\u00fcr enge Rasenfl\u00e4chen und komplexe Gartenstrukturen.<\/li>\n<li data-start=\"2745\" data-end=\"2832\"><strong data-start=\"2747\" data-end=\"2767\">Einfache Wartung<\/strong>: Klappbare Motorhaube f\u00fcr schnellen Zugang zu Wartungspunkten.<\/li>\n<li data-start=\"2833\" data-end=\"2924\"><strong data-start=\"2835\" data-end=\"2862\">Niedriger Ger\u00e4uschpegel<\/strong>: Reduziert L\u00e4rmbelastung f\u00fcr den Bediener und die Umgebung.<\/li>\n<\/ul>\n<hr data-start=\"2926\" data-end=\"2929\" \/>\n<h3 data-start=\"2931\" data-end=\"2956\"><strong data-start=\"2935\" data-end=\"2954\">Produktvorteile<\/strong><\/h3>\n<ul data-start=\"2957\" data-end=\"3291\">\n<li data-start=\"2957\" data-end=\"3039\"><strong data-start=\"2959\" data-end=\"2978\">Hohe Wendigkeit<\/strong>: Knicklenkung erm\u00f6glicht pr\u00e4zise Steuerung um Hindernisse.<\/li>\n<li data-start=\"3040\" data-end=\"3129\"><strong data-start=\"3042\" data-end=\"3072\">Effiziente Schnittleistung<\/strong>: Combi 95 M\u00e4hdeck mit Mulch- und Heckauswurf-Funktion.<\/li>\n<li data-start=\"3130\" data-end=\"3217\"><strong data-start=\"3132\" data-end=\"3153\">Bequeme Bedienung<\/strong>: Hydrostatikgetriebe f\u00fcr stufenlose Geschwindigkeitsregelung.<\/li>\n<li data-start=\"3218\" data-end=\"3291\"><strong data-start=\"3220\" data-end=\"3244\">Ganzj\u00e4hriger Einsatz<\/strong>: Erweiterbar mit verschiedenen Anbauger\u00e4ten.<\/li>\n<\/ul>\n<hr data-start=\"3293\" data-end=\"3296\" \/>\n<h3 data-start=\"3298\" data-end=\"3331\"><strong data-start=\"3302\" data-end=\"3329\">Hauptanwendungsbereiche<\/strong><\/h3>\n<ul data-start=\"3332\" data-end=\"3618\">\n<li data-start=\"3332\" data-end=\"3428\"><strong data-start=\"3334\" data-end=\"3366\">Mittelgro\u00dfe bis gro\u00dfe G\u00e4rten<\/strong>: Perfekt f\u00fcr komplexe Rasenfl\u00e4chen mit vielen Hindernissen.<\/li>\n<li data-start=\"3429\" data-end=\"3531\"><strong data-start=\"3431\" data-end=\"3449\">Privatanwender<\/strong>: Ideal f\u00fcr Hausbesitzer, die eine einfache, aber leistungsstarke L\u00f6sung suchen.<\/li>\n<li data-start=\"3532\" data-end=\"3618\"><strong data-start=\"3534\" data-end=\"3557\">Ganzj\u00e4hrige Nutzung<\/strong>: Durch optionales Zubeh\u00f6r auch f\u00fcr Winterdienste geeignet.<\/li>\n<\/ul>\n<hr data-start=\"3620\" data-end=\"3623\" \/>\n<h3 data-start=\"3625\" data-end=\"3651\"><strong data-start=\"3629\" data-end=\"3649\">Technische Daten<\/strong><\/h3>\n<ul data-start=\"3652\" data-end=\"4312\">\n<li data-start=\"3652\" data-end=\"3756\"><strong data-start=\"3654\" data-end=\"3663\">Motor<\/strong>: <strong data-start=\"3665\" data-end=\"3753\">Briggs &amp; Stratton PowerBuilt AVS, 500 cm\u00b3, 1 Zylinder, 9,5 kW (12,9 PS) @ 3000 U\/min<\/strong>.<\/li>\n<li data-start=\"3757\" data-end=\"3788\"><strong data-start=\"3759\" data-end=\"3773\">Treibstoff<\/strong>: <strong data-start=\"3775\" data-end=\"3785\">Benzin<\/strong>.<\/li>\n<li data-start=\"3789\" data-end=\"3822\"><strong data-start=\"3791\" data-end=\"3806\">Tankvolumen<\/strong>: <strong data-start=\"3808\" data-end=\"3819\">7 Liter<\/strong>.<\/li>\n<li data-start=\"3823\" data-end=\"3865\"><strong data-start=\"3825\" data-end=\"3849\">Max. Geschwindigkeit<\/strong>: <strong data-start=\"3851\" data-end=\"3862\">10 km\/h<\/strong>.<\/li>\n<li data-start=\"3866\" data-end=\"3911\"><strong data-start=\"3868\" data-end=\"3896\">R\u00fcckw\u00e4rtsgeschwindigkeit<\/strong>: <strong data-start=\"3898\" data-end=\"3908\">8 km\/h<\/strong>.<\/li>\n<li data-start=\"3912\" data-end=\"3942\"><strong data-start=\"3914\" data-end=\"3926\">Radstand<\/strong>: <strong data-start=\"3928\" data-end=\"3939\">84,5 cm<\/strong>.<\/li>\n<li data-start=\"3943\" data-end=\"3977\"><strong data-start=\"3945\" data-end=\"3962\">Bodenfreiheit<\/strong>: <strong data-start=\"3964\" data-end=\"3974\">105 mm<\/strong>.<\/li>\n<li data-start=\"3978\" data-end=\"4006\"><strong data-start=\"3980\" data-end=\"3991\">Gewicht<\/strong>: <strong data-start=\"3993\" data-end=\"4003\">208 kg<\/strong>.<\/li>\n<li data-start=\"4007\" data-end=\"4040\"><strong data-start=\"4009\" data-end=\"4025\">Max. Zuglast<\/strong>: <strong data-start=\"4027\" data-end=\"4037\">100 kg<\/strong>.<\/li>\n<li data-start=\"4041\" data-end=\"4232\"><strong data-start=\"4043\" data-end=\"4065\">Ger\u00e4uschemissionen<\/strong>:\n<ul data-start=\"4071\" data-end=\"4232\">\n<li data-start=\"4071\" data-end=\"4127\">Schalldruckpegel am Ohr des Bedieners: <strong data-start=\"4112\" data-end=\"4124\">85 dB(A)<\/strong>.<\/li>\n<li data-start=\"4130\" data-end=\"4180\">Gemessener Schallleistungspegel: <strong data-start=\"4165\" data-end=\"4177\">99 dB(A)<\/strong>.<\/li>\n<li data-start=\"4183\" data-end=\"4232\">Maximaler Schallleistungspegel: <strong data-start=\"4217\" data-end=\"4229\">99 dB(A)<\/strong>.<\/li>\n<\/ul>\n<\/li>\n<li data-start=\"4233\" data-end=\"4312\"><strong data-start=\"4235\" data-end=\"4254\">Vibrationswerte<\/strong>:\n<ul data-start=\"4260\" data-end=\"4312\">\n<li data-start=\"4260\" data-end=\"4286\">Lenkrad: <strong data-start=\"4271\" data-end=\"4283\">1,6 m\/s\u00b2<\/strong>.<\/li>\n<li data-start=\"4289\" data-end=\"4312\">Sitz: <strong data-start=\"4297\" data-end=\"4309\">0,2 m\/s\u00b2<\/strong>.<\/li>\n<\/ul>\n<\/li>\n<\/ul>\n<hr data-start=\"4314\" data-end=\"4317\" \/>\n<h3 data-start=\"4319\" data-end=\"4334\"><strong data-start=\"4323\" data-end=\"4332\">Fazit<\/strong><\/h3>\n<p data-start=\"4335\" data-end=\"4784\">Der <strong data-start=\"4339\" data-end=\"4365\">Husqvarna Rider R 115C<\/strong> ist die ideale Wahl f\u00fcr Privatanwender, die einen <strong data-start=\"4416\" data-end=\"4469\">kompakten, wendigen und vielseitigen Aufsitzm\u00e4her<\/strong> suchen. Mit seinem <strong data-start=\"4489\" data-end=\"4512\">Knicklenkungssystem<\/strong>, dem <strong data-start=\"4518\" data-end=\"4538\">Combi 95 M\u00e4hdeck<\/strong> und dem <strong data-start=\"4547\" data-end=\"4574\">hydrostatischen Antrieb<\/strong> bietet er h\u00f6chsten Bedienkomfort und eine herausragende Schnittleistung. Dank des umfangreichen Zubeh\u00f6rs kann der Rider das <strong data-start=\"4699\" data-end=\"4726\">ganze Jahr \u00fcber genutzt<\/strong> werden \u2013 von der Rasenpflege bis hin zur Winterwartung.<\/p>","protected":false},"excerpt":{"rendered":"<p>Husqvarna Rider R 115C \u2013 inkl. M\u00e4hwerk Combi 95 Produkteinf\u00fchrung mit Hauptmerkmalen Der Husqvarna Rider R 115C ist ein kompakter, benutzerfreundlicher Aufsitzm\u00e4her, der speziell f\u00fcr Privatanwender entwickelt wurde, die eine effiziente und vielseitige L\u00f6sung f\u00fcr die Rasenpflege suchen. Mit seiner Knicklenkung und dem frontmontierten M\u00e4hdeck bietet dieser Rider ein hervorragendes Man\u00f6vrierverhalten, sodass er m\u00fchelos um &hellip; <a href=\"https:\/\/lautenbach-landmaschinen.com\/de\/produkt\/husqvarna-rider-r-115c-inkl-mahwerk-combi-95\/\" class=\"more-link\">Read more<\/a><\/p>","protected":false},"featured_media":4459,"comment_status":"open","ping_status":"closed","template":"","meta":{"_acf_changed":false},"product_cat":[265],"product_tag":[],"class_list":{"0":"post-4458","1":"product","2":"type-product","3":"status-publish","4":"has-post-thumbnail","6":"product_cat-aufsitzmaher","8":"first","9":"instock","10":"shipping-taxable","11":"purchasable","12":"product-type-simple"},"acf":[],"_links":{"self":[{"href":"https:\/\/lautenbach-landmaschinen.com\/de\/wp-json\/wp\/v2\/product\/4458","targetHints":{"allow":["GET"]}}],"collection":[{"href":"https:\/\/lautenbach-landmaschinen.com\/de\/wp-json\/wp\/v2\/product"}],"about":[{"href":"https:\/\/lautenbach-landmaschinen.com\/de\/wp-json\/wp\/v2\/types\/product"}],"replies":[{"embeddable":true,"href":"https:\/\/lautenbach-landmaschinen.com\/de\/wp-json\/wp\/v2\/comments?post=4458"}],"wp:featuredmedia":[{"embeddable":true,"href":"https:\/\/lautenbach-landmaschinen.com\/de\/wp-json\/wp\/v2\/media\/4459"}],"wp:attachment":[{"href":"https:\/\/lautenbach-landmaschinen.com\/de\/wp-json\/wp\/v2\/media?parent=4458"}],"wp:term":[{"taxonomy":"product_cat","embeddable":true,"href":"https:\/\/lautenbach-landmaschinen.com\/de\/wp-json\/wp\/v2\/product_cat?post=4458"},{"taxonomy":"product_tag","embeddable":true,"href":"https:\/\/lautenbach-landmaschinen.com\/de\/wp-json\/wp\/v2\/product_tag?post=4458"}],"curies":[{"name":"wp","href":"https:\/\/api.w.org\/{rel}","templated":true}]}}