{"id":4664,"date":"2025-02-26T00:02:31","date_gmt":"2025-02-26T00:02:31","guid":{"rendered":"https:\/\/lautenbach-landmaschinen.com\/?post_type=product&#038;p=4664"},"modified":"2025-02-26T00:02:31","modified_gmt":"2025-02-26T00:02:31","slug":"cub-cadet-benzin-rasenmaher-lm2-dr46es","status":"publish","type":"product","link":"https:\/\/lautenbach-landmaschinen.com\/de\/produkt\/cub-cadet-benzin-rasenmaher-lm2-dr46es\/","title":{"rendered":"Cub Cadet Benzin-Rasenm\u00e4her LM2 DR46ES"},"content":{"rendered":"<h3><strong>Produktvorstellung: Cub Cadet 46 cm Rasenm\u00e4her mit Hinterradantrieb<\/strong><\/h3>\n<p>Der <strong>Cub Cadet 46 cm Rasenm\u00e4her<\/strong> kombiniert <strong>Leistungsst\u00e4rke, Komfort und Flexibilit\u00e4t<\/strong>.<br \/>\nMit seinem <strong>Hinterradantrieb und variabler Geschwindigkeit<\/strong> erm\u00f6glicht er eine m\u00fchelose Rasenpflege auf Fl\u00e4chen bis zu <strong>750 m\u00b2\/h<\/strong>.<br \/>\nDie <strong>3-in-1-M\u00e4hoptionen<\/strong> (Auffangen, Mulchen, Heckauswurf) bieten vielseitige Einsatzm\u00f6glichkeiten.<\/p>\n<hr \/>\n<h3><strong>Hauptmerkmale<\/strong><\/h3>\n<h4><strong>M\u00e4hsystem<\/strong><\/h4>\n<ul>\n<li><strong>Schnittbreite: 46 cm<\/strong> f\u00fcr effizientes Arbeiten<\/li>\n<li><strong>6-fache zentrale Schnitth\u00f6heneinstellung (28 \u2013 92 mm)<\/strong><\/li>\n<li><strong>3-in-1-M\u00e4hoptionen:<\/strong>\n<ul>\n<li><strong>Auffangen (60-Liter-Textilfangsack)<\/strong><\/li>\n<li><strong>Mulchfunktion f\u00fcr nat\u00fcrlichen Rasend\u00fcnger<\/strong><\/li>\n<li><strong>Heckauswurf ohne Fangsack<\/strong><\/li>\n<\/ul>\n<\/li>\n<\/ul>\n<h4><strong>Motor und Leistung<\/strong><\/h4>\n<ul>\n<li><strong>Cub Cadet 55 OHV 4-Takt-Motor<\/strong> mit <strong>159 cm\u00b3 Hubraum<\/strong><\/li>\n<li><strong>Leistung: 2,5 kW bei 2.800 U\/min<\/strong><\/li>\n<li><strong>Elektrischer Start f\u00fcr komfortables Anlassen<\/strong><\/li>\n<li><strong>Tankvolumen: 1 Liter<\/strong> f\u00fcr l\u00e4ngere M\u00e4hzeiten<\/li>\n<\/ul>\n<h4><strong>Antriebssystem<\/strong><\/h4>\n<ul>\n<li><strong>Hinterradantrieb f\u00fcr bessere Traktion<\/strong><\/li>\n<li><strong>Variable Geschwindigkeit (0 \u2013 3,6 km\/h)<\/strong> f\u00fcr kontrolliertes M\u00e4hen<\/li>\n<li><strong>Leichtg\u00e4ngige, doppelt kugelgelagerte R\u00e4der f\u00fcr ein angenehmes Fahrgef\u00fchl<\/strong><\/li>\n<li><strong>Vorderr\u00e4der: 180 mm | Hinterr\u00e4der: 200 mm<\/strong><\/li>\n<\/ul>\n<hr \/>\n<h3><strong>Ausstattung und Komfort<\/strong><\/h3>\n<ul>\n<li><strong>H\u00f6henverstellbarer Holm f\u00fcr eine ergonomische Bedienung<\/strong><\/li>\n<li><strong>Klappbarer Holm f\u00fcr platzsparende Lagerung<\/strong><\/li>\n<li><strong>MySpeed-Funktion f\u00fcr intuitive Steuerung<\/strong><\/li>\n<li><strong>Waschd\u00fcse zur einfachen Reinigung des M\u00e4hdecks<\/strong><\/li>\n<li><strong>Langlebiges Stahlgeh\u00e4use f\u00fcr hohe Widerstandsf\u00e4higkeit<\/strong><\/li>\n<\/ul>\n<hr \/>\n<h3><strong>Vorteile des Produkts<\/strong><\/h3>\n<p>\u2705 <strong>Leistungsstarker OHV-Motor f\u00fcr zuverl\u00e4ssigen Betrieb<\/strong><br \/>\n\u2705 <strong>3-in-1-M\u00e4hoptionen f\u00fcr vielseitige Rasenpflege<\/strong><br \/>\n\u2705 <strong>Elektrischer Start f\u00fcr einfaches Anlassen<\/strong><br \/>\n\u2705 <strong>Robustes und stabiles Stahlgeh\u00e4use<\/strong><br \/>\n\u2705 <strong>Doppel-kugelgelagerte R\u00e4der f\u00fcr m\u00fcheloses Man\u00f6vrieren<\/strong><br \/>\n\u2705 <strong>Variable Geschwindigkeit f\u00fcr mehr Kontrolle<\/strong><\/p>\n<hr \/>\n<h3><strong>Technische Daten<\/strong><\/h3>\n<ul>\n<li><strong>Schnittbreite:<\/strong> 46 cm<\/li>\n<li><strong>Maximale Fl\u00e4chenleistung:<\/strong> 750 m\u00b2\/h<\/li>\n<li><strong>Schnitth\u00f6he:<\/strong> 28 \u2013 92 mm, 6-fach verstellbar<\/li>\n<li><strong>Motor:<\/strong> Cub Cadet 55 OHV (4-Takt)<\/li>\n<li><strong>Leistung:<\/strong> 2,5 kW bei 2.800 U\/min<\/li>\n<li><strong>Hubraum:<\/strong> 159 cm\u00b3<\/li>\n<li><strong>Tankinhalt:<\/strong> 1 l<\/li>\n<li><strong>Antrieb:<\/strong> Hinterradantrieb, variabel (0 \u2013 3,6 km\/h)<\/li>\n<li><strong>Vorderr\u00e4der:<\/strong> 180 mm | <strong>Hinterr\u00e4der:<\/strong> 200 mm<\/li>\n<li><strong>Mulchfunktion:<\/strong> Ja, Mulchkit inklusive<\/li>\n<li><strong>Fangkorbvolumen:<\/strong> 60 l<\/li>\n<li><strong>Material M\u00e4hdeck:<\/strong> Stahl<\/li>\n<li><strong>Gewicht:<\/strong> 35 kg<\/li>\n<\/ul>\n<hr \/>\n<h3><strong>Fazit<\/strong><\/h3>\n<p>Der <strong>Cub Cadet 46 cm Rasenm\u00e4her<\/strong> ist die perfekte Wahl f\u00fcr <strong>Hausbesitzer, die eine leistungsstarke, komfortable und vielseitige L\u00f6sung f\u00fcr ihre Rasenpflege suchen<\/strong>.<br \/>\nMit <strong>elektrischem Start, variablem Antrieb und praktischen M\u00e4hoptionen<\/strong> ist er ein <strong>zuverl\u00e4ssiger Begleiter f\u00fcr gepflegte G\u00e4rten<\/strong>.<\/p>","protected":false},"excerpt":{"rendered":"<p>Produktvorstellung: Cub Cadet 46 cm Rasenm\u00e4her mit Hinterradantrieb Der Cub Cadet 46 cm Rasenm\u00e4her kombiniert Leistungsst\u00e4rke, Komfort und Flexibilit\u00e4t. Mit seinem Hinterradantrieb und variabler Geschwindigkeit erm\u00f6glicht er eine m\u00fchelose Rasenpflege auf Fl\u00e4chen bis zu 750 m\u00b2\/h. Die 3-in-1-M\u00e4hoptionen (Auffangen, Mulchen, Heckauswurf) bieten vielseitige Einsatzm\u00f6glichkeiten. Hauptmerkmale M\u00e4hsystem Schnittbreite: 46 cm f\u00fcr effizientes Arbeiten 6-fache zentrale Schnitth\u00f6heneinstellung &hellip; <a href=\"https:\/\/lautenbach-landmaschinen.com\/de\/produkt\/cub-cadet-benzin-rasenmaher-lm2-dr46es\/\" class=\"more-link\">Read more<\/a><\/p>","protected":false},"featured_media":4665,"comment_status":"open","ping_status":"closed","template":"","meta":{"_acf_changed":false},"product_cat":[269],"product_tag":[],"class_list":{"0":"post-4664","1":"product","2":"type-product","3":"status-publish","4":"has-post-thumbnail","6":"product_cat-benzin-rasenmaher","8":"first","9":"instock","10":"shipping-taxable","11":"purchasable","12":"product-type-simple"},"acf":[],"_links":{"self":[{"href":"https:\/\/lautenbach-landmaschinen.com\/de\/wp-json\/wp\/v2\/product\/4664","targetHints":{"allow":["GET"]}}],"collection":[{"href":"https:\/\/lautenbach-landmaschinen.com\/de\/wp-json\/wp\/v2\/product"}],"about":[{"href":"https:\/\/lautenbach-landmaschinen.com\/de\/wp-json\/wp\/v2\/types\/product"}],"replies":[{"embeddable":true,"href":"https:\/\/lautenbach-landmaschinen.com\/de\/wp-json\/wp\/v2\/comments?post=4664"}],"wp:featuredmedia":[{"embeddable":true,"href":"https:\/\/lautenbach-landmaschinen.com\/de\/wp-json\/wp\/v2\/media\/4665"}],"wp:attachment":[{"href":"https:\/\/lautenbach-landmaschinen.com\/de\/wp-json\/wp\/v2\/media?parent=4664"}],"wp:term":[{"taxonomy":"product_cat","embeddable":true,"href":"https:\/\/lautenbach-landmaschinen.com\/de\/wp-json\/wp\/v2\/product_cat?post=4664"},{"taxonomy":"product_tag","embeddable":true,"href":"https:\/\/lautenbach-landmaschinen.com\/de\/wp-json\/wp\/v2\/product_tag?post=4664"}],"curies":[{"name":"wp","href":"https:\/\/api.w.org\/{rel}","templated":true}]}}