{"id":5391,"date":"2025-03-02T22:44:28","date_gmt":"2025-03-02T22:44:28","guid":{"rendered":"https:\/\/lautenbach-landmaschinen.com\/produit\/agria-einradhacke-3100-ohne-hack-fraseinrichtung\/"},"modified":"2026-04-20T22:21:16","modified_gmt":"2026-04-20T22:21:16","slug":"agria-einradhacke-3100-ohne-hack-fraseinrichtung","status":"publish","type":"product","link":"https:\/\/lautenbach-landmaschinen.com\/de\/produkt\/agria-einradhacke-3100-ohne-hack-fraseinrichtung\/","title":{"rendered":"agria Einradhacke 3100 &#8211; ohne Hack- &#038; Fr\u00e4seinrichtung"},"content":{"rendered":"<p>Die bis ins Detail durchdachte, perfekte Konstruktion macht die agria 3100 zum unentbehrlichen Helfer des Praktikers und des anspruchsvollen Freizeitg\u00e4rtners.<br \/>\nG\u00fcnstiges Leistungsgewicht: hohe Motorleistung bei geringer Masse<br \/>\nG\u00fcnstiger Preis erlaubt auch kleineren Betrieben den Einstieg in die Pr\u00e4zisionshacktechnik<br \/>\nSchnellstellhebel f\u00fcr Lenkerseitenverstellung<br \/>\nBetriebssicherheit bis zu einem Neigungswinkel von 20\u00b0<br \/>\nStabile Hackmesser f\u00fcr einen problemlosen Dauereinsatz<br \/>\nSpurtreuer Vortrieb erm\u00f6glicht ein pr\u00e4zises und effizientes Hacken ohne Beeintr\u00e4chtigung der Kulturpflanzen<br \/>\nTechnische Daten<br \/>\nMotor: Honda GX 160 1-Zylinder-4-Takt-Benzinmotor 4,1 kW (5,6 PS)<br \/>\nFr\u00e4swellengeschwindigkeiten: 1. Gang: 196 U\/min; 2. Gang: 350 U\/min<br \/>\nGeschwindigkeiten: 1. Gang: 2,7 km\/h; 2.Gang: 4,8 km\/h<br \/>\nGetriebe: 2-Gang Zahnrad-Kettengetriebe mit Lamellenkupplung<br \/>\nLenkholm: werkzeuglos h\u00f6hen- und seitenverstellbar<br \/>\nBereifung: Triebrad 3,00- 4AM 2PR<br \/>\nHandstart<br \/>\nGewicht: ca. 56,00 kg<br \/>\nVersandgewicht: 56,00 kg<\/p>","protected":false},"excerpt":{"rendered":"<p>Die bis ins Detail durchdachte, perfekte Konstruktion macht die agria 3100 zum unentbehrlichen Helfer des Praktikers und des anspruchsvollen Freizeitg\u00e4rtners. G\u00fcnstiges Leistungsgewicht: hohe Motorleistung bei geringer Masse G\u00fcnstiger Preis erlaubt auch kleineren Betrieben den Einstieg in die Pr\u00e4zisionshacktechnik Schnellstellhebel f\u00fcr Lenkerseitenverstellung Betriebssicherheit bis zu einem Neigungswinkel von 20\u00b0 Stabile Hackmesser f\u00fcr einen problemlosen Dauereinsatz Spurtreuer &hellip; <a href=\"https:\/\/lautenbach-landmaschinen.com\/de\/produkt\/agria-einradhacke-3100-ohne-hack-fraseinrichtung\/\" class=\"more-link\">Read more<\/a><\/p>","protected":false},"featured_media":5414,"comment_status":"open","ping_status":"closed","template":"","meta":{"_acf_changed":false},"product_cat":[270],"product_tag":[],"class_list":{"0":"post-5391","1":"product","2":"type-product","3":"status-publish","4":"has-post-thumbnail","6":"product_cat-motorhacken","8":"first","9":"instock","10":"shipping-taxable","11":"purchasable","12":"product-type-simple"},"acf":[],"_links":{"self":[{"href":"https:\/\/lautenbach-landmaschinen.com\/de\/wp-json\/wp\/v2\/product\/5391","targetHints":{"allow":["GET"]}}],"collection":[{"href":"https:\/\/lautenbach-landmaschinen.com\/de\/wp-json\/wp\/v2\/product"}],"about":[{"href":"https:\/\/lautenbach-landmaschinen.com\/de\/wp-json\/wp\/v2\/types\/product"}],"replies":[{"embeddable":true,"href":"https:\/\/lautenbach-landmaschinen.com\/de\/wp-json\/wp\/v2\/comments?post=5391"}],"wp:featuredmedia":[{"embeddable":true,"href":"https:\/\/lautenbach-landmaschinen.com\/de\/wp-json\/wp\/v2\/media\/5414"}],"wp:attachment":[{"href":"https:\/\/lautenbach-landmaschinen.com\/de\/wp-json\/wp\/v2\/media?parent=5391"}],"wp:term":[{"taxonomy":"product_cat","embeddable":true,"href":"https:\/\/lautenbach-landmaschinen.com\/de\/wp-json\/wp\/v2\/product_cat?post=5391"},{"taxonomy":"product_tag","embeddable":true,"href":"https:\/\/lautenbach-landmaschinen.com\/de\/wp-json\/wp\/v2\/product_tag?post=5391"}],"curies":[{"name":"wp","href":"https:\/\/api.w.org\/{rel}","templated":true}]}}