{"id":5398,"date":"2025-03-02T22:44:28","date_gmt":"2025-03-02T22:44:28","guid":{"rendered":"https:\/\/lautenbach-landmaschinen.com\/produit\/herkules-haufelpflug-inc-eisenrader-motorhacke-mh860be\/"},"modified":"2026-04-20T22:21:17","modified_gmt":"2026-04-20T22:21:17","slug":"herkules-haufelpflug-inc-eisenrader-motorhacke-mh860be","status":"publish","type":"product","link":"https:\/\/lautenbach-landmaschinen.com\/de\/produkt\/herkules-haufelpflug-inc-eisenrader-motorhacke-mh860be\/","title":{"rendered":"Herkules H\u00e4ufelpflug inc. Eisenr\u00e4der Motorhacke MH860BE"},"content":{"rendered":"<p>Zubeh\u00f6r f\u00fcr Herkules Motorhacke MH860BE<\/p>","protected":false},"excerpt":{"rendered":"<p>Zubeh\u00f6r f\u00fcr Herkules Motorhacke MH860BE<\/p>","protected":false},"featured_media":5426,"comment_status":"open","ping_status":"closed","template":"","meta":{"_acf_changed":false},"product_cat":[270],"product_tag":[],"class_list":{"0":"post-5398","1":"product","2":"type-product","3":"status-publish","4":"has-post-thumbnail","6":"product_cat-motorhacken","8":"first","9":"instock","10":"shipping-taxable","11":"purchasable","12":"product-type-simple"},"acf":[],"_links":{"self":[{"href":"https:\/\/lautenbach-landmaschinen.com\/de\/wp-json\/wp\/v2\/product\/5398","targetHints":{"allow":["GET"]}}],"collection":[{"href":"https:\/\/lautenbach-landmaschinen.com\/de\/wp-json\/wp\/v2\/product"}],"about":[{"href":"https:\/\/lautenbach-landmaschinen.com\/de\/wp-json\/wp\/v2\/types\/product"}],"replies":[{"embeddable":true,"href":"https:\/\/lautenbach-landmaschinen.com\/de\/wp-json\/wp\/v2\/comments?post=5398"}],"wp:featuredmedia":[{"embeddable":true,"href":"https:\/\/lautenbach-landmaschinen.com\/de\/wp-json\/wp\/v2\/media\/5426"}],"wp:attachment":[{"href":"https:\/\/lautenbach-landmaschinen.com\/de\/wp-json\/wp\/v2\/media?parent=5398"}],"wp:term":[{"taxonomy":"product_cat","embeddable":true,"href":"https:\/\/lautenbach-landmaschinen.com\/de\/wp-json\/wp\/v2\/product_cat?post=5398"},{"taxonomy":"product_tag","embeddable":true,"href":"https:\/\/lautenbach-landmaschinen.com\/de\/wp-json\/wp\/v2\/product_tag?post=5398"}],"curies":[{"name":"wp","href":"https:\/\/api.w.org\/{rel}","templated":true}]}}