{"id":6726,"date":"2026-04-21T16:27:13","date_gmt":"2026-04-21T16:27:13","guid":{"rendered":"https:\/\/lautenbach-landmaschinen.com\/produit\/fuhrerschein-b-anhanger-garden-trailer-230-kipp-mit-stutzrad-zusatzlichen-bordwanden-hochplane-und-hochspriegel-h800-80-cm-breite-graue-plane\/"},"modified":"2026-04-21T16:27:13","modified_gmt":"2026-04-21T16:27:13","slug":"fuhrerschein-b-anhanger-garden-trailer-230-kipp-mit-stutzrad-zusatzlichen-bordwanden-hochplane-und-hochspriegel-h800-80-cm-breite-graue-plane","status":"publish","type":"product","link":"https:\/\/lautenbach-landmaschinen.com\/de\/produkt\/fuhrerschein-b-anhanger-garden-trailer-230-kipp-mit-stutzrad-zusatzlichen-bordwanden-hochplane-und-hochspriegel-h800-80-cm-breite-graue-plane\/","title":{"rendered":"F\u00fchrerschein B Anh\u00e4nger GARDEN TRAILER 230 KIPP mit St\u00fctzrad, zus\u00e4tzlichen Bordw\u00e4nden, Hochplane und Hochspriegel H800 \u2013 80 cm breite graue plane"},"content":{"rendered":"<p>Model: Garden Trailer 230 Kipp | ZGG max.: 750 kg | L\u00e4nge des Laderaums: 2304 mm | Breite des Laderaums: 1256 mm | Art der Federung: ungebremste Achse bis 750 kg | Anzahl der Achse: 1 | Verwendung: Umz\u00fcge, innerbetrieblicher Warentransport | Aufbau: verschraubte Rahmenkonstruktion | Zusatzbordw\u00e4nde: Vollwand-Stahlbordw\u00e4nde BIS | Abdeckung\/Haube: 80 cm breite graue Plane<\/p>","protected":false},"excerpt":{"rendered":"<p>Model: Garden Trailer 230 Kipp | ZGG max.: 750 kg | L\u00e4nge des Laderaums: 2304 mm | Breite des Laderaums: 1256 mm | Art der Federung: ungebremste Achse bis 750 kg | Anzahl der Achse: 1 | Verwendung: Umz\u00fcge, innerbetrieblicher Warentransport | Aufbau: verschraubte Rahmenkonstruktion | Zusatzbordw\u00e4nde: Vollwand-Stahlbordw\u00e4nde BIS | Abdeckung\/Haube: 80 cm breite graue Plane<\/p>","protected":false},"featured_media":6725,"comment_status":"open","ping_status":"closed","template":"","meta":{"_acf_changed":false},"product_cat":[275],"product_tag":[],"class_list":{"0":"post-6726","1":"product","2":"type-product","3":"status-publish","4":"has-post-thumbnail","6":"product_cat-anhanger","8":"first","9":"instock","10":"sale","11":"shipping-taxable","12":"purchasable","13":"product-type-simple"},"acf":[],"_links":{"self":[{"href":"https:\/\/lautenbach-landmaschinen.com\/de\/wp-json\/wp\/v2\/product\/6726","targetHints":{"allow":["GET"]}}],"collection":[{"href":"https:\/\/lautenbach-landmaschinen.com\/de\/wp-json\/wp\/v2\/product"}],"about":[{"href":"https:\/\/lautenbach-landmaschinen.com\/de\/wp-json\/wp\/v2\/types\/product"}],"replies":[{"embeddable":true,"href":"https:\/\/lautenbach-landmaschinen.com\/de\/wp-json\/wp\/v2\/comments?post=6726"}],"wp:featuredmedia":[{"embeddable":true,"href":"https:\/\/lautenbach-landmaschinen.com\/de\/wp-json\/wp\/v2\/media\/6725"}],"wp:attachment":[{"href":"https:\/\/lautenbach-landmaschinen.com\/de\/wp-json\/wp\/v2\/media?parent=6726"}],"wp:term":[{"taxonomy":"product_cat","embeddable":true,"href":"https:\/\/lautenbach-landmaschinen.com\/de\/wp-json\/wp\/v2\/product_cat?post=6726"},{"taxonomy":"product_tag","embeddable":true,"href":"https:\/\/lautenbach-landmaschinen.com\/de\/wp-json\/wp\/v2\/product_tag?post=6726"}],"curies":[{"name":"wp","href":"https:\/\/api.w.org\/{rel}","templated":true}]}}