{"id":6770,"date":"2026-04-21T16:28:12","date_gmt":"2026-04-21T16:28:12","guid":{"rendered":"https:\/\/lautenbach-landmaschinen.com\/produit\/kipper-ungebremst-garden-trailer-200-kipp-mit-zusatzlichen-bordwanden-stutzrad-hochplane-und-hochspriegel\/"},"modified":"2026-04-21T16:28:12","modified_gmt":"2026-04-21T16:28:12","slug":"kipper-ungebremst-garden-trailer-200-kipp-mit-zusatzlichen-bordwanden-stutzrad-hochplane-und-hochspriegel","status":"publish","type":"product","link":"https:\/\/lautenbach-landmaschinen.com\/de\/produkt\/kipper-ungebremst-garden-trailer-200-kipp-mit-zusatzlichen-bordwanden-stutzrad-hochplane-und-hochspriegel\/","title":{"rendered":"Kipper ungebremst GARDEN TRAILER 200 KIPP mit zus\u00e4tzlichen Bordw\u00e4nden, St\u00fctzrad, Hochplane und Hochspriegel"},"content":{"rendered":"<p>Model: Garden Trailer 200 Kipp | ZGG max.: 750 kg | L\u00e4nge des Laderaums: 2006 mm | Breite des Laderaums: 1063 mm | Art der Federung: ungebremste Achse bis 750 kg | Anzahl der Achse: 1 | Verwendung: Umz\u00fcge | Aufbau: verschraubte Rahmenkonstruktion | Zusatzbordw\u00e4nde: Vollwand-Stahlbordw\u00e4nde BIS | Abdeckung\/Haube: 80 cm breite graue Plane<\/p>","protected":false},"excerpt":{"rendered":"<p>Model: Garden Trailer 200 Kipp | ZGG max.: 750 kg | L\u00e4nge des Laderaums: 2006 mm | Breite des Laderaums: 1063 mm | Art der Federung: ungebremste Achse bis 750 kg | Anzahl der Achse: 1 | Verwendung: Umz\u00fcge | Aufbau: verschraubte Rahmenkonstruktion | Zusatzbordw\u00e4nde: Vollwand-Stahlbordw\u00e4nde BIS | Abdeckung\/Haube: 80 cm breite graue Plane<\/p>","protected":false},"featured_media":6769,"comment_status":"open","ping_status":"closed","template":"","meta":{"_acf_changed":false},"product_cat":[275],"product_tag":[],"class_list":{"0":"post-6770","1":"product","2":"type-product","3":"status-publish","4":"has-post-thumbnail","6":"product_cat-anhanger","8":"first","9":"instock","10":"sale","11":"shipping-taxable","12":"purchasable","13":"product-type-simple"},"acf":[],"_links":{"self":[{"href":"https:\/\/lautenbach-landmaschinen.com\/de\/wp-json\/wp\/v2\/product\/6770","targetHints":{"allow":["GET"]}}],"collection":[{"href":"https:\/\/lautenbach-landmaschinen.com\/de\/wp-json\/wp\/v2\/product"}],"about":[{"href":"https:\/\/lautenbach-landmaschinen.com\/de\/wp-json\/wp\/v2\/types\/product"}],"replies":[{"embeddable":true,"href":"https:\/\/lautenbach-landmaschinen.com\/de\/wp-json\/wp\/v2\/comments?post=6770"}],"wp:featuredmedia":[{"embeddable":true,"href":"https:\/\/lautenbach-landmaschinen.com\/de\/wp-json\/wp\/v2\/media\/6769"}],"wp:attachment":[{"href":"https:\/\/lautenbach-landmaschinen.com\/de\/wp-json\/wp\/v2\/media?parent=6770"}],"wp:term":[{"taxonomy":"product_cat","embeddable":true,"href":"https:\/\/lautenbach-landmaschinen.com\/de\/wp-json\/wp\/v2\/product_cat?post=6770"},{"taxonomy":"product_tag","embeddable":true,"href":"https:\/\/lautenbach-landmaschinen.com\/de\/wp-json\/wp\/v2\/product_tag?post=6770"}],"curies":[{"name":"wp","href":"https:\/\/api.w.org\/{rel}","templated":true}]}}