{"id":6772,"date":"2026-04-21T16:28:15","date_gmt":"2026-04-21T16:28:15","guid":{"rendered":"https:\/\/lautenbach-landmaschinen.com\/produit\/anhanger-fuhrerschein-b-garden-trailer-200-kipp-200x106-cm-750-kg-mit-laubgitteraufsatz\/"},"modified":"2026-04-21T16:28:15","modified_gmt":"2026-04-21T16:28:15","slug":"anhanger-fuhrerschein-b-garden-trailer-200-kipp-200x106-cm-750-kg-mit-laubgitteraufsatz","status":"publish","type":"product","link":"https:\/\/lautenbach-landmaschinen.com\/de\/produkt\/anhanger-fuhrerschein-b-garden-trailer-200-kipp-200x106-cm-750-kg-mit-laubgitteraufsatz\/","title":{"rendered":"Anh\u00e4nger F\u00fchrerschein B Garden Trailer 200 KIPP 200&#215;106 cm 750 kg mit Laubgitteraufsatz"},"content":{"rendered":"<p>Model: Garden Trailer 200 Kipp | ZGG max.: 750 kg | L\u00e4nge des Laderaums: 2006 mm | Breite des Laderaums: 1063 mm | Art der Federung: ungebremste Achse bis 750 kg | Anzahl der Achse: 1 | Verwendung: Umz\u00fcge, innerbetrieblicher Warentransport | Aufbau: verschraubte Rahmenkonstruktion | Zusatzbordw\u00e4nde: Stahlgitterbordw\u00e4nde | Abdeckung\/Haube: keine<\/p>","protected":false},"excerpt":{"rendered":"<p>Model: Garden Trailer 200 Kipp | ZGG max.: 750 kg | L\u00e4nge des Laderaums: 2006 mm | Breite des Laderaums: 1063 mm | Art der Federung: ungebremste Achse bis 750 kg | Anzahl der Achse: 1 | Verwendung: Umz\u00fcge, innerbetrieblicher Warentransport | Aufbau: verschraubte Rahmenkonstruktion | Zusatzbordw\u00e4nde: Stahlgitterbordw\u00e4nde | Abdeckung\/Haube: keine<\/p>","protected":false},"featured_media":6771,"comment_status":"open","ping_status":"closed","template":"","meta":{"_acf_changed":false},"product_cat":[275],"product_tag":[],"class_list":{"0":"post-6772","1":"product","2":"type-product","3":"status-publish","4":"has-post-thumbnail","6":"product_cat-anhanger","8":"first","9":"instock","10":"sale","11":"shipping-taxable","12":"purchasable","13":"product-type-simple"},"acf":[],"_links":{"self":[{"href":"https:\/\/lautenbach-landmaschinen.com\/de\/wp-json\/wp\/v2\/product\/6772","targetHints":{"allow":["GET"]}}],"collection":[{"href":"https:\/\/lautenbach-landmaschinen.com\/de\/wp-json\/wp\/v2\/product"}],"about":[{"href":"https:\/\/lautenbach-landmaschinen.com\/de\/wp-json\/wp\/v2\/types\/product"}],"replies":[{"embeddable":true,"href":"https:\/\/lautenbach-landmaschinen.com\/de\/wp-json\/wp\/v2\/comments?post=6772"}],"wp:featuredmedia":[{"embeddable":true,"href":"https:\/\/lautenbach-landmaschinen.com\/de\/wp-json\/wp\/v2\/media\/6771"}],"wp:attachment":[{"href":"https:\/\/lautenbach-landmaschinen.com\/de\/wp-json\/wp\/v2\/media?parent=6772"}],"wp:term":[{"taxonomy":"product_cat","embeddable":true,"href":"https:\/\/lautenbach-landmaschinen.com\/de\/wp-json\/wp\/v2\/product_cat?post=6772"},{"taxonomy":"product_tag","embeddable":true,"href":"https:\/\/lautenbach-landmaschinen.com\/de\/wp-json\/wp\/v2\/product_tag?post=6772"}],"curies":[{"name":"wp","href":"https:\/\/api.w.org\/{rel}","templated":true}]}}