{"id":6774,"date":"2026-04-21T16:28:19","date_gmt":"2026-04-21T16:28:19","guid":{"rendered":"https:\/\/lautenbach-landmaschinen.com\/produit\/anhanger-kippbar-garden-trailer-201-kipp-mit-zusatzlichen-bordwanden-stutzrad-und-flachplane\/"},"modified":"2026-04-21T16:28:19","modified_gmt":"2026-04-21T16:28:19","slug":"anhanger-kippbar-garden-trailer-201-kipp-mit-zusatzlichen-bordwanden-stutzrad-und-flachplane","status":"publish","type":"product","link":"https:\/\/lautenbach-landmaschinen.com\/de\/produkt\/anhanger-kippbar-garden-trailer-201-kipp-mit-zusatzlichen-bordwanden-stutzrad-und-flachplane\/","title":{"rendered":"Anh\u00e4nger kippbar GARDEN TRAILER 201 KIPP mit zus\u00e4tzlichen Bordw\u00e4nden, St\u00fctzrad und Flachplane"},"content":{"rendered":"<p>Model: Garden Trailer 201 Kipp | ZGG max.: 750 kg | L\u00e4nge des Laderaums: 2006 mm | Breite des Laderaums: 1256 mm | Art der Federung: ungebremste Achse bis 750 kg | Anzahl der Achse: 1 | Verwendung: Umz\u00fcge, innerbetrieblicher Warentransport | Aufbau: verschraubte Rahmenkonstruktion | Zusatzbordw\u00e4nde: Vollwand-Stahlbordw\u00e4nde BIS | Abdeckung\/Haube: flache graue Plane<\/p>","protected":false},"excerpt":{"rendered":"<p>Model: Garden Trailer 201 Kipp | ZGG max.: 750 kg | L\u00e4nge des Laderaums: 2006 mm | Breite des Laderaums: 1256 mm | Art der Federung: ungebremste Achse bis 750 kg | Anzahl der Achse: 1 | Verwendung: Umz\u00fcge, innerbetrieblicher Warentransport | Aufbau: verschraubte Rahmenkonstruktion | Zusatzbordw\u00e4nde: Vollwand-Stahlbordw\u00e4nde BIS | Abdeckung\/Haube: flache graue Plane<\/p>","protected":false},"featured_media":6773,"comment_status":"open","ping_status":"closed","template":"","meta":{"_acf_changed":false},"product_cat":[275],"product_tag":[],"class_list":{"0":"post-6774","1":"product","2":"type-product","3":"status-publish","4":"has-post-thumbnail","6":"product_cat-anhanger","8":"first","9":"instock","10":"sale","11":"shipping-taxable","12":"purchasable","13":"product-type-simple"},"acf":[],"_links":{"self":[{"href":"https:\/\/lautenbach-landmaschinen.com\/de\/wp-json\/wp\/v2\/product\/6774","targetHints":{"allow":["GET"]}}],"collection":[{"href":"https:\/\/lautenbach-landmaschinen.com\/de\/wp-json\/wp\/v2\/product"}],"about":[{"href":"https:\/\/lautenbach-landmaschinen.com\/de\/wp-json\/wp\/v2\/types\/product"}],"replies":[{"embeddable":true,"href":"https:\/\/lautenbach-landmaschinen.com\/de\/wp-json\/wp\/v2\/comments?post=6774"}],"wp:featuredmedia":[{"embeddable":true,"href":"https:\/\/lautenbach-landmaschinen.com\/de\/wp-json\/wp\/v2\/media\/6773"}],"wp:attachment":[{"href":"https:\/\/lautenbach-landmaschinen.com\/de\/wp-json\/wp\/v2\/media?parent=6774"}],"wp:term":[{"taxonomy":"product_cat","embeddable":true,"href":"https:\/\/lautenbach-landmaschinen.com\/de\/wp-json\/wp\/v2\/product_cat?post=6774"},{"taxonomy":"product_tag","embeddable":true,"href":"https:\/\/lautenbach-landmaschinen.com\/de\/wp-json\/wp\/v2\/product_tag?post=6774"}],"curies":[{"name":"wp","href":"https:\/\/api.w.org\/{rel}","templated":true}]}}