{"id":6796,"date":"2026-04-21T16:28:47","date_gmt":"2026-04-21T16:28:47","guid":{"rendered":"https:\/\/lautenbach-landmaschinen.com\/produit\/anhanger-150-kipp-150x106-cm-mit-blauer-hochplane-hochspriegel-und-stutzrad\/"},"modified":"2026-04-21T16:28:47","modified_gmt":"2026-04-21T16:28:47","slug":"anhanger-150-kipp-150x106-cm-mit-blauer-hochplane-hochspriegel-und-stutzrad","status":"publish","type":"product","link":"https:\/\/lautenbach-landmaschinen.com\/de\/produkt\/anhanger-150-kipp-150x106-cm-mit-blauer-hochplane-hochspriegel-und-stutzrad\/","title":{"rendered":"Anh\u00e4nger 150 KIPP 150&#215;106 cm [mit blauer Hochplane, Hochspriegel und St\u00fctzrad]"},"content":{"rendered":"<p>Model: Garden Trailer 150 Kipp | ZGG max.: 750 kg | L\u00e4nge des Laderaums: 1475 mm | Breite des Laderaums: 1063 mm | Art der Federung: ungebremste Achse bis 750 kg | Anzahl der Achse: 1 | Verwendung: Umz\u00fcge, innerbetrieblicher Warentransport | Aufbau: verschraubte Rahmenkonstruktion | Zusatzbordw\u00e4nde: keine | Abdeckung\/Haube: 80 cm breite blaue Plane<\/p>","protected":false},"excerpt":{"rendered":"<p>Model: Garden Trailer 150 Kipp | ZGG max.: 750 kg | L\u00e4nge des Laderaums: 1475 mm | Breite des Laderaums: 1063 mm | Art der Federung: ungebremste Achse bis 750 kg | Anzahl der Achse: 1 | Verwendung: Umz\u00fcge, innerbetrieblicher Warentransport | Aufbau: verschraubte Rahmenkonstruktion | Zusatzbordw\u00e4nde: keine | Abdeckung\/Haube: 80 cm breite blaue Plane<\/p>","protected":false},"featured_media":6795,"comment_status":"open","ping_status":"closed","template":"","meta":{"_acf_changed":false},"product_cat":[275],"product_tag":[],"class_list":{"0":"post-6796","1":"product","2":"type-product","3":"status-publish","4":"has-post-thumbnail","6":"product_cat-anhanger","8":"first","9":"instock","10":"sale","11":"shipping-taxable","12":"purchasable","13":"product-type-simple"},"acf":[],"_links":{"self":[{"href":"https:\/\/lautenbach-landmaschinen.com\/de\/wp-json\/wp\/v2\/product\/6796","targetHints":{"allow":["GET"]}}],"collection":[{"href":"https:\/\/lautenbach-landmaschinen.com\/de\/wp-json\/wp\/v2\/product"}],"about":[{"href":"https:\/\/lautenbach-landmaschinen.com\/de\/wp-json\/wp\/v2\/types\/product"}],"replies":[{"embeddable":true,"href":"https:\/\/lautenbach-landmaschinen.com\/de\/wp-json\/wp\/v2\/comments?post=6796"}],"wp:featuredmedia":[{"embeddable":true,"href":"https:\/\/lautenbach-landmaschinen.com\/de\/wp-json\/wp\/v2\/media\/6795"}],"wp:attachment":[{"href":"https:\/\/lautenbach-landmaschinen.com\/de\/wp-json\/wp\/v2\/media?parent=6796"}],"wp:term":[{"taxonomy":"product_cat","embeddable":true,"href":"https:\/\/lautenbach-landmaschinen.com\/de\/wp-json\/wp\/v2\/product_cat?post=6796"},{"taxonomy":"product_tag","embeddable":true,"href":"https:\/\/lautenbach-landmaschinen.com\/de\/wp-json\/wp\/v2\/product_tag?post=6796"}],"curies":[{"name":"wp","href":"https:\/\/api.w.org\/{rel}","templated":true}]}}