{"id":6802,"date":"2026-04-21T16:28:54","date_gmt":"2026-04-21T16:28:54","guid":{"rendered":"https:\/\/lautenbach-landmaschinen.com\/produit\/groser-anhanger-750-kg-garden-trailer-264-kipp-mit-bordwandaufsatz-zusatzliche-40-cm-stutzrad-und-blauer-flachplane\/"},"modified":"2026-04-21T16:28:54","modified_gmt":"2026-04-21T16:28:54","slug":"groser-anhanger-750-kg-garden-trailer-264-kipp-mit-bordwandaufsatz-zusatzliche-40-cm-stutzrad-und-blauer-flachplane","status":"publish","type":"product","link":"https:\/\/lautenbach-landmaschinen.com\/de\/produkt\/groser-anhanger-750-kg-garden-trailer-264-kipp-mit-bordwandaufsatz-zusatzliche-40-cm-stutzrad-und-blauer-flachplane\/","title":{"rendered":"Gro\u00dfer Anh\u00e4nger 750 kg GARDEN TRAILER 264 KIPP mit Bordwandaufsatz [zus\u00e4tzliche 40 cm], St\u00fctzrad und blauer Flachplane"},"content":{"rendered":"<p>Model: Garden Trailer 264 KIPP | ZGG max.: 750 kg | L\u00e4nge des Laderaums: 2641 mm | Breite des Laderaums: 1256 mm | Art der Federung: ungebremste Achse bis 750 kg | Anzahl der Achse: 1 | Verwendung: Umz\u00fcge, innerbetrieblicher Warentransport | Aufbau: verschraubte Rahmenkonstruktion | Zusatzbordw\u00e4nde: Vollwand-Stahlbordw\u00e4nde BIS | Abdeckung\/Haube: flache blaue Plane<\/p>","protected":false},"excerpt":{"rendered":"<p>Model: Garden Trailer 264 KIPP | ZGG max.: 750 kg | L\u00e4nge des Laderaums: 2641 mm | Breite des Laderaums: 1256 mm | Art der Federung: ungebremste Achse bis 750 kg | Anzahl der Achse: 1 | Verwendung: Umz\u00fcge, innerbetrieblicher Warentransport | Aufbau: verschraubte Rahmenkonstruktion | Zusatzbordw\u00e4nde: Vollwand-Stahlbordw\u00e4nde BIS | Abdeckung\/Haube: flache blaue Plane<\/p>","protected":false},"featured_media":6801,"comment_status":"open","ping_status":"closed","template":"","meta":{"_acf_changed":false},"product_cat":[275],"product_tag":[],"class_list":{"0":"post-6802","1":"product","2":"type-product","3":"status-publish","4":"has-post-thumbnail","6":"product_cat-anhanger","8":"first","9":"instock","10":"sale","11":"shipping-taxable","12":"purchasable","13":"product-type-simple"},"acf":[],"_links":{"self":[{"href":"https:\/\/lautenbach-landmaschinen.com\/de\/wp-json\/wp\/v2\/product\/6802","targetHints":{"allow":["GET"]}}],"collection":[{"href":"https:\/\/lautenbach-landmaschinen.com\/de\/wp-json\/wp\/v2\/product"}],"about":[{"href":"https:\/\/lautenbach-landmaschinen.com\/de\/wp-json\/wp\/v2\/types\/product"}],"replies":[{"embeddable":true,"href":"https:\/\/lautenbach-landmaschinen.com\/de\/wp-json\/wp\/v2\/comments?post=6802"}],"wp:featuredmedia":[{"embeddable":true,"href":"https:\/\/lautenbach-landmaschinen.com\/de\/wp-json\/wp\/v2\/media\/6801"}],"wp:attachment":[{"href":"https:\/\/lautenbach-landmaschinen.com\/de\/wp-json\/wp\/v2\/media?parent=6802"}],"wp:term":[{"taxonomy":"product_cat","embeddable":true,"href":"https:\/\/lautenbach-landmaschinen.com\/de\/wp-json\/wp\/v2\/product_cat?post=6802"},{"taxonomy":"product_tag","embeddable":true,"href":"https:\/\/lautenbach-landmaschinen.com\/de\/wp-json\/wp\/v2\/product_tag?post=6802"}],"curies":[{"name":"wp","href":"https:\/\/api.w.org\/{rel}","templated":true}]}}