{"id":6838,"date":"2026-04-21T16:29:44","date_gmt":"2026-04-21T16:29:44","guid":{"rendered":"https:\/\/lautenbach-landmaschinen.com\/produit\/1-achs-anhanger-garden-trailer-264-kipp-mit-laubgitteraufsatz-grauer-hochplane-hochspriegel-und-stutzrad\/"},"modified":"2026-04-21T16:29:44","modified_gmt":"2026-04-21T16:29:44","slug":"1-achs-anhanger-garden-trailer-264-kipp-mit-laubgitteraufsatz-grauer-hochplane-hochspriegel-und-stutzrad","status":"publish","type":"product","link":"https:\/\/lautenbach-landmaschinen.com\/de\/produkt\/1-achs-anhanger-garden-trailer-264-kipp-mit-laubgitteraufsatz-grauer-hochplane-hochspriegel-und-stutzrad\/","title":{"rendered":"1-Achs-Anh\u00e4nger GARDEN TRAILER 264 KIPP mit Laubgitteraufsatz, grauer Hochplane, Hochspriegel und St\u00fctzrad"},"content":{"rendered":"<p>Model: Garden Trailer 264 KIPP | ZGG max.: 750 kg | L\u00e4nge des Laderaums: 2641 mm | Breite des Laderaums: 1256 mm | Art der Federung: ungebremste Achse bis 750 kg | Anzahl der Achse: 1 | Verwendung: Umz\u00fcge, innerbetrieblicher Warentransport | Aufbau: verschraubte Rahmenkonstruktion | Zusatzbordw\u00e4nde: Stahlgitterbordw\u00e4nde | Abdeckung\/Haube: 80 cm breite graue Plane<\/p>","protected":false},"excerpt":{"rendered":"<p>Model: Garden Trailer 264 KIPP | ZGG max.: 750 kg | L\u00e4nge des Laderaums: 2641 mm | Breite des Laderaums: 1256 mm | Art der Federung: ungebremste Achse bis 750 kg | Anzahl der Achse: 1 | Verwendung: Umz\u00fcge, innerbetrieblicher Warentransport | Aufbau: verschraubte Rahmenkonstruktion | Zusatzbordw\u00e4nde: Stahlgitterbordw\u00e4nde | Abdeckung\/Haube: 80 cm breite graue Plane<\/p>","protected":false},"featured_media":6837,"comment_status":"open","ping_status":"closed","template":"","meta":{"_acf_changed":false},"product_cat":[275],"product_tag":[],"class_list":{"0":"post-6838","1":"product","2":"type-product","3":"status-publish","4":"has-post-thumbnail","6":"product_cat-anhanger","8":"first","9":"instock","10":"sale","11":"shipping-taxable","12":"purchasable","13":"product-type-simple"},"acf":[],"_links":{"self":[{"href":"https:\/\/lautenbach-landmaschinen.com\/de\/wp-json\/wp\/v2\/product\/6838","targetHints":{"allow":["GET"]}}],"collection":[{"href":"https:\/\/lautenbach-landmaschinen.com\/de\/wp-json\/wp\/v2\/product"}],"about":[{"href":"https:\/\/lautenbach-landmaschinen.com\/de\/wp-json\/wp\/v2\/types\/product"}],"replies":[{"embeddable":true,"href":"https:\/\/lautenbach-landmaschinen.com\/de\/wp-json\/wp\/v2\/comments?post=6838"}],"wp:featuredmedia":[{"embeddable":true,"href":"https:\/\/lautenbach-landmaschinen.com\/de\/wp-json\/wp\/v2\/media\/6837"}],"wp:attachment":[{"href":"https:\/\/lautenbach-landmaschinen.com\/de\/wp-json\/wp\/v2\/media?parent=6838"}],"wp:term":[{"taxonomy":"product_cat","embeddable":true,"href":"https:\/\/lautenbach-landmaschinen.com\/de\/wp-json\/wp\/v2\/product_cat?post=6838"},{"taxonomy":"product_tag","embeddable":true,"href":"https:\/\/lautenbach-landmaschinen.com\/de\/wp-json\/wp\/v2\/product_tag?post=6838"}],"curies":[{"name":"wp","href":"https:\/\/api.w.org\/{rel}","templated":true}]}}