{"id":6850,"date":"2026-04-21T16:29:58","date_gmt":"2026-04-21T16:29:58","guid":{"rendered":"https:\/\/lautenbach-landmaschinen.com\/produit\/2-achs-pkw-anhanger-unitrailer-garden-trailer-264-2-kipp-mit-stutzrad-bordwandaufsatz-h-800-rahmen-und-grauer-plane\/"},"modified":"2026-04-21T16:29:58","modified_gmt":"2026-04-21T16:29:58","slug":"2-achs-pkw-anhanger-unitrailer-garden-trailer-264-2-kipp-mit-stutzrad-bordwandaufsatz-h-800-rahmen-und-grauer-plane","status":"publish","type":"product","link":"https:\/\/lautenbach-landmaschinen.com\/de\/produkt\/2-achs-pkw-anhanger-unitrailer-garden-trailer-264-2-kipp-mit-stutzrad-bordwandaufsatz-h-800-rahmen-und-grauer-plane\/","title":{"rendered":"2-Achs Pkw-Anh\u00e4nger UNITRAILER GARDEN TRAILER 264\/2 KIPP mit St\u00fctzrad, Bordwandaufsatz, H-800 Rahmen und grauer Plane"},"content":{"rendered":"<p>Model: Garden Trailer 264\/2 Kipp | ZGG max.: 750 kg | L\u00e4nge des Laderaums: 2641 mm | Breite des Laderaums: 1256 mm | Art der Federung: 2 ungebremste Achsen 750 kg | Anzahl der Achse: 2 | Verwendung: Umz\u00fcge, innerbetrieblicher Warentransport | Aufbau: verschraubte Rahmenkonstruktion | Zusatzbordw\u00e4nde: Vollwand-Stahlbordw\u00e4nde BIS | Abdeckung\/Haube: 80 cm breite graue Plane<\/p>","protected":false},"excerpt":{"rendered":"<p>Model: Garden Trailer 264\/2 Kipp | ZGG max.: 750 kg | L\u00e4nge des Laderaums: 2641 mm | Breite des Laderaums: 1256 mm | Art der Federung: 2 ungebremste Achsen 750 kg | Anzahl der Achse: 2 | Verwendung: Umz\u00fcge, innerbetrieblicher Warentransport | Aufbau: verschraubte Rahmenkonstruktion | Zusatzbordw\u00e4nde: Vollwand-Stahlbordw\u00e4nde BIS | Abdeckung\/Haube: 80 cm breite graue Plane<\/p>","protected":false},"featured_media":6849,"comment_status":"open","ping_status":"closed","template":"","meta":{"_acf_changed":false},"product_cat":[275],"product_tag":[],"class_list":{"0":"post-6850","1":"product","2":"type-product","3":"status-publish","4":"has-post-thumbnail","6":"product_cat-anhanger","8":"first","9":"instock","10":"sale","11":"shipping-taxable","12":"purchasable","13":"product-type-simple"},"acf":[],"_links":{"self":[{"href":"https:\/\/lautenbach-landmaschinen.com\/de\/wp-json\/wp\/v2\/product\/6850","targetHints":{"allow":["GET"]}}],"collection":[{"href":"https:\/\/lautenbach-landmaschinen.com\/de\/wp-json\/wp\/v2\/product"}],"about":[{"href":"https:\/\/lautenbach-landmaschinen.com\/de\/wp-json\/wp\/v2\/types\/product"}],"replies":[{"embeddable":true,"href":"https:\/\/lautenbach-landmaschinen.com\/de\/wp-json\/wp\/v2\/comments?post=6850"}],"wp:featuredmedia":[{"embeddable":true,"href":"https:\/\/lautenbach-landmaschinen.com\/de\/wp-json\/wp\/v2\/media\/6849"}],"wp:attachment":[{"href":"https:\/\/lautenbach-landmaschinen.com\/de\/wp-json\/wp\/v2\/media?parent=6850"}],"wp:term":[{"taxonomy":"product_cat","embeddable":true,"href":"https:\/\/lautenbach-landmaschinen.com\/de\/wp-json\/wp\/v2\/product_cat?post=6850"},{"taxonomy":"product_tag","embeddable":true,"href":"https:\/\/lautenbach-landmaschinen.com\/de\/wp-json\/wp\/v2\/product_tag?post=6850"}],"curies":[{"name":"wp","href":"https:\/\/api.w.org\/{rel}","templated":true}]}}