{"id":7038,"date":"2026-04-21T16:34:33","date_gmt":"2026-04-21T16:34:33","guid":{"rendered":"https:\/\/lautenbach-landmaschinen.com\/produit\/anhanger-mit-blattfedern-230x125-unitrailer-force-230-r-kipp-ungebremst-mit-h-800-spriegel-und-grauer-hochplane\/"},"modified":"2026-04-21T16:34:33","modified_gmt":"2026-04-21T16:34:33","slug":"anhanger-mit-blattfedern-230x125-unitrailer-force-230-r-kipp-ungebremst-mit-h-800-spriegel-und-grauer-hochplane","status":"publish","type":"product","link":"https:\/\/lautenbach-landmaschinen.com\/de\/produkt\/anhanger-mit-blattfedern-230x125-unitrailer-force-230-r-kipp-ungebremst-mit-h-800-spriegel-und-grauer-hochplane\/","title":{"rendered":"Anh\u00e4nger mit Blattfedern 230&#215;125 UNITRAILER FORCE 230\/R KIPP ungebremst mit H-800 Spriegel und grauer Hochplane"},"content":{"rendered":"<p>Model: Force 230\/R KIPP | ZGG max.: 750 kg | L\u00e4nge des Laderaums: 2309 mm | Breite des Laderaums: 1261 mm | Art der Federung: 1 ungebremste Achse mit Blattfedern 750 kg | Anzahl der Achse: 1 | Verwendung: Umz\u00fcge, innerbetrieblicher Warentransport | Aufbau: geschwei\u00dfte Rahmenkonstruktion | Zusatzbordw\u00e4nde: keine | Abdeckung\/Haube: 80 cm breite graue Plane<\/p>","protected":false},"excerpt":{"rendered":"<p>Model: Force 230\/R KIPP | ZGG max.: 750 kg | L\u00e4nge des Laderaums: 2309 mm | Breite des Laderaums: 1261 mm | Art der Federung: 1 ungebremste Achse mit Blattfedern 750 kg | Anzahl der Achse: 1 | Verwendung: Umz\u00fcge, innerbetrieblicher Warentransport | Aufbau: geschwei\u00dfte Rahmenkonstruktion | Zusatzbordw\u00e4nde: keine | Abdeckung\/Haube: 80 cm breite graue Plane<\/p>","protected":false},"featured_media":7037,"comment_status":"open","ping_status":"closed","template":"","meta":{"_acf_changed":false},"product_cat":[275],"product_tag":[],"class_list":{"0":"post-7038","1":"product","2":"type-product","3":"status-publish","4":"has-post-thumbnail","6":"product_cat-anhanger","8":"first","9":"instock","10":"sale","11":"shipping-taxable","12":"purchasable","13":"product-type-simple"},"acf":[],"_links":{"self":[{"href":"https:\/\/lautenbach-landmaschinen.com\/de\/wp-json\/wp\/v2\/product\/7038","targetHints":{"allow":["GET"]}}],"collection":[{"href":"https:\/\/lautenbach-landmaschinen.com\/de\/wp-json\/wp\/v2\/product"}],"about":[{"href":"https:\/\/lautenbach-landmaschinen.com\/de\/wp-json\/wp\/v2\/types\/product"}],"replies":[{"embeddable":true,"href":"https:\/\/lautenbach-landmaschinen.com\/de\/wp-json\/wp\/v2\/comments?post=7038"}],"wp:featuredmedia":[{"embeddable":true,"href":"https:\/\/lautenbach-landmaschinen.com\/de\/wp-json\/wp\/v2\/media\/7037"}],"wp:attachment":[{"href":"https:\/\/lautenbach-landmaschinen.com\/de\/wp-json\/wp\/v2\/media?parent=7038"}],"wp:term":[{"taxonomy":"product_cat","embeddable":true,"href":"https:\/\/lautenbach-landmaschinen.com\/de\/wp-json\/wp\/v2\/product_cat?post=7038"},{"taxonomy":"product_tag","embeddable":true,"href":"https:\/\/lautenbach-landmaschinen.com\/de\/wp-json\/wp\/v2\/product_tag?post=7038"}],"curies":[{"name":"wp","href":"https:\/\/api.w.org\/{rel}","templated":true}]}}