{"id":7102,"date":"2026-04-21T16:35:56","date_gmt":"2026-04-21T16:35:56","guid":{"rendered":"https:\/\/lautenbach-landmaschinen.com\/produit\/anhanger-264x125-unitrailer-force-264-kipp-ungebremst-mit-h-1100-spriegel-und-blauer-hochplane\/"},"modified":"2026-04-21T16:35:56","modified_gmt":"2026-04-21T16:35:56","slug":"anhanger-264x125-unitrailer-force-264-kipp-ungebremst-mit-h-1100-spriegel-und-blauer-hochplane","status":"publish","type":"product","link":"https:\/\/lautenbach-landmaschinen.com\/de\/produkt\/anhanger-264x125-unitrailer-force-264-kipp-ungebremst-mit-h-1100-spriegel-und-blauer-hochplane\/","title":{"rendered":"Anh\u00e4nger 264&#215;125 UNITRAILER FORCE 264 KIPP ungebremst mit H-1100 Spriegel und blauer Hochplane"},"content":{"rendered":"<p>Model: Force 264 KIPP | ZGG max.: 750 kg | L\u00e4nge des Laderaums: 2647 mm | Breite des Laderaums: 1260 mm | Art der Federung: ungebremste Achse bis 750 kg | Anzahl der Achse: 1 | Verwendung: Umz\u00fcge, innerbetrieblicher Warentransport | Aufbau: geschwei\u00dfte Rahmenkonstruktion | Zusatzbordw\u00e4nde: keine | Abdeckung\/Haube: 110 cm breite blaue Plane<\/p>","protected":false},"excerpt":{"rendered":"<p>Model: Force 264 KIPP | ZGG max.: 750 kg | L\u00e4nge des Laderaums: 2647 mm | Breite des Laderaums: 1260 mm | Art der Federung: ungebremste Achse bis 750 kg | Anzahl der Achse: 1 | Verwendung: Umz\u00fcge, innerbetrieblicher Warentransport | Aufbau: geschwei\u00dfte Rahmenkonstruktion | Zusatzbordw\u00e4nde: keine | Abdeckung\/Haube: 110 cm breite blaue Plane<\/p>","protected":false},"featured_media":7101,"comment_status":"open","ping_status":"closed","template":"","meta":{"_acf_changed":false},"product_cat":[275],"product_tag":[],"class_list":{"0":"post-7102","1":"product","2":"type-product","3":"status-publish","4":"has-post-thumbnail","6":"product_cat-anhanger","8":"first","9":"instock","10":"sale","11":"shipping-taxable","12":"purchasable","13":"product-type-simple"},"acf":[],"_links":{"self":[{"href":"https:\/\/lautenbach-landmaschinen.com\/de\/wp-json\/wp\/v2\/product\/7102","targetHints":{"allow":["GET"]}}],"collection":[{"href":"https:\/\/lautenbach-landmaschinen.com\/de\/wp-json\/wp\/v2\/product"}],"about":[{"href":"https:\/\/lautenbach-landmaschinen.com\/de\/wp-json\/wp\/v2\/types\/product"}],"replies":[{"embeddable":true,"href":"https:\/\/lautenbach-landmaschinen.com\/de\/wp-json\/wp\/v2\/comments?post=7102"}],"wp:featuredmedia":[{"embeddable":true,"href":"https:\/\/lautenbach-landmaschinen.com\/de\/wp-json\/wp\/v2\/media\/7101"}],"wp:attachment":[{"href":"https:\/\/lautenbach-landmaschinen.com\/de\/wp-json\/wp\/v2\/media?parent=7102"}],"wp:term":[{"taxonomy":"product_cat","embeddable":true,"href":"https:\/\/lautenbach-landmaschinen.com\/de\/wp-json\/wp\/v2\/product_cat?post=7102"},{"taxonomy":"product_tag","embeddable":true,"href":"https:\/\/lautenbach-landmaschinen.com\/de\/wp-json\/wp\/v2\/product_tag?post=7102"}],"curies":[{"name":"wp","href":"https:\/\/api.w.org\/{rel}","templated":true}]}}